{"id":4412,"date":"2025-03-12T11:32:48","date_gmt":"2025-03-12T15:32:48","guid":{"rendered":"https:\/\/pelerinagequebec.ca\/?page_id=4412"},"modified":"2025-03-20T11:53:34","modified_gmt":"2025-03-20T15:53:34","slug":"dina-belanger-immersive-journey","status":"publish","type":"page","link":"https:\/\/pelerinagequebec.ca\/en\/religious-landmarks\/dina-belanger-immersive-journey\/","title":{"rendered":"Dina B\u00e9langer Immersive Journey"},"content":{"rendered":"<p><iframe loading=\"lazy\" width=\"560\" height=\"315\" src=\"https:\/\/www.youtube.com\/embed\/77Gz95kUvT0?si=429PltLjteYAiYnU\" title=\"YouTube video player\" frameborder=\"0\" allow=\"accelerometer; autoplay; clipboard-write; encrypted-media; gyroscope; picture-in-picture; web-share\" referrerpolicy=\"strict-origin-when-cross-origin\" allowfullscreen><\/iframe><\/p>\n<h2> <em>Immerse yourself in the unique world of this young artist and discover her message of hope for today&#8217;s world.<\/em> <\/h2>\n<p>On your way to Old Quebec, stop off at Quebec City&#8217;s Saint-Charles-Garnier church to discover the life and message of Blessed Dina B\u00e9langer, affectionately known as \u201cCanada&#8217;s Th\u00e9r\u00e8se of the Child Jesus\u201d.<sup class=\"fnot\">1<\/sup>  Learn more about this musician, religious, writer and mystic, who died of tuberculosis in 1939 at the age of 32, and was beatified by Pope John Paul II in 1993, becoming \u201cthe first \u2018saint\u2019 born in Quebec City, the cradle of Christian and French civilization in America\u201d.<sup class=\"fnot\">2<\/sup><\/p>\n<p>Discover her musical compositions and the writings she left us, which constitute \u201cone of the purest jewels of twentieth-century spiritual literature\u201d.<sup class=\"fnot\">3<\/sup><\/p>\n<p>This unique exhibition offers a visual, auditory and sensory experience that allows visitors to discover the life of Dina B\u00e9langer while exploring a significant period in Quebec history.<\/p>\n<p>The Dina B\u00e9langer Immersive Journey tour also offers a better understanding of the status of women in the early 20th century, the challenges faced by those who chose to make a living from their art, and the decisive role played by women&#8217;s congregations in educating girls and building modern Quebec.<\/p>\n<p>Recorded narrations, accompanied by soundscapes and musical compositions by Dina B\u00e9langer, guide visitors along the route, recreating the historical and spiritual environment that marked the life of this woman also known as \u201cthe little beggar of love\u201d.<\/p>\n<p><sup class=\"fnot\">1<\/sup> L\u00e9on Cristiani, Dean of the Faculty of Letters at the Catholic University of Lyon, Perdue en J\u00e9sus-Christ, 1950, p.XV.<br \/>\n<sup class=\"fnot\">2<\/sup> Ghislaine Boucher, Ph.D., Dictionary of Canadian Biography, Volume XV (1921-1930).<br \/>\n<sup class=\"fnot\">3<\/sup> Fran\u00e7ois-Marie L\u00e9thel, Carmelite professor of theology at the Teresianum in Rome, presentation of Dina B\u00e9langer&#8217;s new autobiography, 1995, p. 17.<\/p>\n","protected":false},"excerpt":{"rendered":"<p>Immerse yourself in the unique world of this young artist and discover her message of hope for today&#8217;s world. On&#8230;<\/p>\n","protected":false},"author":7,"featured_media":4415,"parent":3629,"menu_order":16,"comment_status":"closed","ping_status":"closed","template":"","meta":{"_acf_changed":false,"footnotes":""},"class_list":["post-4412","page","type-page","status-publish","has-post-thumbnail","hentry"],"acf":[],"yoast_head":"<!-- This site is optimized with the Yoast SEO plugin v27.4 - https:\/\/yoast.com\/product\/yoast-seo-wordpress\/ -->\n<title>Dina B\u00e9langer Immersive Journey - P\u00e8lerinage Vieux-Qu\u00e9bec<\/title>\n<meta name=\"description\" content=\"On your way to Old Quebec, stop off at Quebec City&#039;s Saint-Charles-Garnier church to discover the life and message of Blessed Dina B\u00e9langer, affectionately known as \u201cCanada&#039;s Th\u00e9r\u00e8se of the Child Jesus\u201d.\" \/>\n<meta name=\"robots\" content=\"index, follow, max-snippet:-1, max-image-preview:large, max-video-preview:-1\" \/>\n<link rel=\"canonical\" href=\"https:\/\/pelerinagequebec.ca\/en\/religious-landmarks\/dina-belanger-immersive-journey\/\" \/>\n<meta property=\"og:locale\" content=\"en_US\" \/>\n<meta property=\"og:type\" content=\"article\" \/>\n<meta property=\"og:title\" content=\"Dina B\u00e9langer Immersive Journey - P\u00e8lerinage Vieux-Qu\u00e9bec\" \/>\n<meta property=\"og:description\" content=\"On your way to Old Quebec, stop off at Quebec City&#039;s Saint-Charles-Garnier church to discover the life and message of Blessed Dina B\u00e9langer, affectionately known as \u201cCanada&#039;s Th\u00e9r\u00e8se of the Child Jesus\u201d.\" \/>\n<meta property=\"og:url\" content=\"https:\/\/pelerinagequebec.ca\/en\/religious-landmarks\/dina-belanger-immersive-journey\/\" \/>\n<meta property=\"og:site_name\" content=\"P\u00e8lerinage Vieux-Qu\u00e9bec\" \/>\n<meta property=\"article:modified_time\" content=\"2025-03-20T15:53:34+00:00\" \/>\n<meta property=\"og:image\" content=\"https:\/\/pelerinagequebec.ca\/wp-content\/uploads\/2025\/03\/6-2.jpg\" \/>\n\t<meta property=\"og:image:width\" content=\"1000\" \/>\n\t<meta property=\"og:image:height\" content=\"750\" \/>\n\t<meta property=\"og:image:type\" content=\"image\/jpeg\" \/>\n<meta name=\"twitter:card\" content=\"summary_large_image\" \/>\n<meta name=\"twitter:label1\" content=\"Est. reading time\" \/>\n\t<meta name=\"twitter:data1\" content=\"2 minutes\" \/>\n<script type=\"application\/ld+json\" class=\"yoast-schema-graph\">{\"@context\":\"https:\\\/\\\/schema.org\",\"@graph\":[{\"@type\":\"WebPage\",\"@id\":\"https:\\\/\\\/pelerinagequebec.ca\\\/en\\\/religious-landmarks\\\/dina-belanger-immersive-journey\\\/\",\"url\":\"https:\\\/\\\/pelerinagequebec.ca\\\/en\\\/religious-landmarks\\\/dina-belanger-immersive-journey\\\/\",\"name\":\"Dina B\u00e9langer Immersive Journey - P\u00e8lerinage Vieux-Qu\u00e9bec\",\"isPartOf\":{\"@id\":\"https:\\\/\\\/pelerinagequebec.ca\\\/#website\"},\"primaryImageOfPage\":{\"@id\":\"https:\\\/\\\/pelerinagequebec.ca\\\/en\\\/religious-landmarks\\\/dina-belanger-immersive-journey\\\/#primaryimage\"},\"image\":{\"@id\":\"https:\\\/\\\/pelerinagequebec.ca\\\/en\\\/religious-landmarks\\\/dina-belanger-immersive-journey\\\/#primaryimage\"},\"thumbnailUrl\":\"https:\\\/\\\/pelerinagequebec.ca\\\/wp-content\\\/uploads\\\/2025\\\/03\\\/6-2.jpg\",\"datePublished\":\"2025-03-12T15:32:48+00:00\",\"dateModified\":\"2025-03-20T15:53:34+00:00\",\"description\":\"On your way to Old Quebec, stop off at Quebec City's Saint-Charles-Garnier church to discover the life and message of Blessed Dina B\u00e9langer, affectionately known as \u201cCanada's Th\u00e9r\u00e8se of the Child Jesus\u201d.\",\"breadcrumb\":{\"@id\":\"https:\\\/\\\/pelerinagequebec.ca\\\/en\\\/religious-landmarks\\\/dina-belanger-immersive-journey\\\/#breadcrumb\"},\"inLanguage\":\"en-US\",\"potentialAction\":[{\"@type\":\"ReadAction\",\"target\":[\"https:\\\/\\\/pelerinagequebec.ca\\\/en\\\/religious-landmarks\\\/dina-belanger-immersive-journey\\\/\"]}]},{\"@type\":\"ImageObject\",\"inLanguage\":\"en-US\",\"@id\":\"https:\\\/\\\/pelerinagequebec.ca\\\/en\\\/religious-landmarks\\\/dina-belanger-immersive-journey\\\/#primaryimage\",\"url\":\"https:\\\/\\\/pelerinagequebec.ca\\\/wp-content\\\/uploads\\\/2025\\\/03\\\/6-2.jpg\",\"contentUrl\":\"https:\\\/\\\/pelerinagequebec.ca\\\/wp-content\\\/uploads\\\/2025\\\/03\\\/6-2.jpg\",\"width\":1000,\"height\":750},{\"@type\":\"BreadcrumbList\",\"@id\":\"https:\\\/\\\/pelerinagequebec.ca\\\/en\\\/religious-landmarks\\\/dina-belanger-immersive-journey\\\/#breadcrumb\",\"itemListElement\":[{\"@type\":\"ListItem\",\"position\":1,\"name\":\"Accueil\",\"item\":\"https:\\\/\\\/pelerinagequebec.ca\\\/en\\\/\"},{\"@type\":\"ListItem\",\"position\":2,\"name\":\"Religious landmarks\",\"item\":\"https:\\\/\\\/pelerinagequebec.ca\\\/en\\\/religious-landmarks\\\/\"},{\"@type\":\"ListItem\",\"position\":3,\"name\":\"Dina B\u00e9langer Immersive Journey\"}]},{\"@type\":\"WebSite\",\"@id\":\"https:\\\/\\\/pelerinagequebec.ca\\\/#website\",\"url\":\"https:\\\/\\\/pelerinagequebec.ca\\\/\",\"name\":\"P\u00e8lerinage Vieux-Qu\u00e9bec\",\"description\":\"Un p\u00e8lerinage aux tombeaux des fondateurs de l\u2019\u00e9glise canadienne\",\"publisher\":{\"@id\":\"https:\\\/\\\/pelerinagequebec.ca\\\/#organization\"},\"potentialAction\":[{\"@type\":\"SearchAction\",\"target\":{\"@type\":\"EntryPoint\",\"urlTemplate\":\"https:\\\/\\\/pelerinagequebec.ca\\\/?s={search_term_string}\"},\"query-input\":{\"@type\":\"PropertyValueSpecification\",\"valueRequired\":true,\"valueName\":\"search_term_string\"}}],\"inLanguage\":\"en-US\"},{\"@type\":\"Organization\",\"@id\":\"https:\\\/\\\/pelerinagequebec.ca\\\/#organization\",\"name\":\"P\u00e8lerinage Vieux-Qu\u00e9bec\",\"url\":\"https:\\\/\\\/pelerinagequebec.ca\\\/\",\"logo\":{\"@type\":\"ImageObject\",\"inLanguage\":\"en-US\",\"@id\":\"https:\\\/\\\/pelerinagequebec.ca\\\/#\\\/schema\\\/logo\\\/image\\\/\",\"url\":\"http:\\\/\\\/pelerinagequebec.ca\\\/wp-content\\\/uploads\\\/2022\\\/06\\\/Logo-transparent-hauteur-FRC.png\",\"contentUrl\":\"http:\\\/\\\/pelerinagequebec.ca\\\/wp-content\\\/uploads\\\/2022\\\/06\\\/Logo-transparent-hauteur-FRC.png\",\"width\":609,\"height\":504,\"caption\":\"P\u00e8lerinage Vieux-Qu\u00e9bec\"},\"image\":{\"@id\":\"https:\\\/\\\/pelerinagequebec.ca\\\/#\\\/schema\\\/logo\\\/image\\\/\"}}]}<\/script>\n<!-- \/ Yoast SEO plugin. -->","yoast_head_json":{"title":"Dina B\u00e9langer Immersive Journey - P\u00e8lerinage Vieux-Qu\u00e9bec","description":"On your way to Old Quebec, stop off at Quebec City's Saint-Charles-Garnier church to discover the life and message of Blessed Dina B\u00e9langer, affectionately known as \u201cCanada's Th\u00e9r\u00e8se of the Child Jesus\u201d.","robots":{"index":"index","follow":"follow","max-snippet":"max-snippet:-1","max-image-preview":"max-image-preview:large","max-video-preview":"max-video-preview:-1"},"canonical":"https:\/\/pelerinagequebec.ca\/en\/religious-landmarks\/dina-belanger-immersive-journey\/","og_locale":"en_US","og_type":"article","og_title":"Dina B\u00e9langer Immersive Journey - P\u00e8lerinage Vieux-Qu\u00e9bec","og_description":"On your way to Old Quebec, stop off at Quebec City's Saint-Charles-Garnier church to discover the life and message of Blessed Dina B\u00e9langer, affectionately known as \u201cCanada's Th\u00e9r\u00e8se of the Child Jesus\u201d.","og_url":"https:\/\/pelerinagequebec.ca\/en\/religious-landmarks\/dina-belanger-immersive-journey\/","og_site_name":"P\u00e8lerinage Vieux-Qu\u00e9bec","article_modified_time":"2025-03-20T15:53:34+00:00","og_image":[{"width":1000,"height":750,"url":"https:\/\/pelerinagequebec.ca\/wp-content\/uploads\/2025\/03\/6-2.jpg","type":"image\/jpeg"}],"twitter_card":"summary_large_image","twitter_misc":{"Est. reading time":"2 minutes"},"schema":{"@context":"https:\/\/schema.org","@graph":[{"@type":"WebPage","@id":"https:\/\/pelerinagequebec.ca\/en\/religious-landmarks\/dina-belanger-immersive-journey\/","url":"https:\/\/pelerinagequebec.ca\/en\/religious-landmarks\/dina-belanger-immersive-journey\/","name":"Dina B\u00e9langer Immersive Journey - P\u00e8lerinage Vieux-Qu\u00e9bec","isPartOf":{"@id":"https:\/\/pelerinagequebec.ca\/#website"},"primaryImageOfPage":{"@id":"https:\/\/pelerinagequebec.ca\/en\/religious-landmarks\/dina-belanger-immersive-journey\/#primaryimage"},"image":{"@id":"https:\/\/pelerinagequebec.ca\/en\/religious-landmarks\/dina-belanger-immersive-journey\/#primaryimage"},"thumbnailUrl":"https:\/\/pelerinagequebec.ca\/wp-content\/uploads\/2025\/03\/6-2.jpg","datePublished":"2025-03-12T15:32:48+00:00","dateModified":"2025-03-20T15:53:34+00:00","description":"On your way to Old Quebec, stop off at Quebec City's Saint-Charles-Garnier church to discover the life and message of Blessed Dina B\u00e9langer, affectionately known as \u201cCanada's Th\u00e9r\u00e8se of the Child Jesus\u201d.","breadcrumb":{"@id":"https:\/\/pelerinagequebec.ca\/en\/religious-landmarks\/dina-belanger-immersive-journey\/#breadcrumb"},"inLanguage":"en-US","potentialAction":[{"@type":"ReadAction","target":["https:\/\/pelerinagequebec.ca\/en\/religious-landmarks\/dina-belanger-immersive-journey\/"]}]},{"@type":"ImageObject","inLanguage":"en-US","@id":"https:\/\/pelerinagequebec.ca\/en\/religious-landmarks\/dina-belanger-immersive-journey\/#primaryimage","url":"https:\/\/pelerinagequebec.ca\/wp-content\/uploads\/2025\/03\/6-2.jpg","contentUrl":"https:\/\/pelerinagequebec.ca\/wp-content\/uploads\/2025\/03\/6-2.jpg","width":1000,"height":750},{"@type":"BreadcrumbList","@id":"https:\/\/pelerinagequebec.ca\/en\/religious-landmarks\/dina-belanger-immersive-journey\/#breadcrumb","itemListElement":[{"@type":"ListItem","position":1,"name":"Accueil","item":"https:\/\/pelerinagequebec.ca\/en\/"},{"@type":"ListItem","position":2,"name":"Religious landmarks","item":"https:\/\/pelerinagequebec.ca\/en\/religious-landmarks\/"},{"@type":"ListItem","position":3,"name":"Dina B\u00e9langer Immersive Journey"}]},{"@type":"WebSite","@id":"https:\/\/pelerinagequebec.ca\/#website","url":"https:\/\/pelerinagequebec.ca\/","name":"P\u00e8lerinage Vieux-Qu\u00e9bec","description":"Un p\u00e8lerinage aux tombeaux des fondateurs de l\u2019\u00e9glise canadienne","publisher":{"@id":"https:\/\/pelerinagequebec.ca\/#organization"},"potentialAction":[{"@type":"SearchAction","target":{"@type":"EntryPoint","urlTemplate":"https:\/\/pelerinagequebec.ca\/?s={search_term_string}"},"query-input":{"@type":"PropertyValueSpecification","valueRequired":true,"valueName":"search_term_string"}}],"inLanguage":"en-US"},{"@type":"Organization","@id":"https:\/\/pelerinagequebec.ca\/#organization","name":"P\u00e8lerinage Vieux-Qu\u00e9bec","url":"https:\/\/pelerinagequebec.ca\/","logo":{"@type":"ImageObject","inLanguage":"en-US","@id":"https:\/\/pelerinagequebec.ca\/#\/schema\/logo\/image\/","url":"http:\/\/pelerinagequebec.ca\/wp-content\/uploads\/2022\/06\/Logo-transparent-hauteur-FRC.png","contentUrl":"http:\/\/pelerinagequebec.ca\/wp-content\/uploads\/2022\/06\/Logo-transparent-hauteur-FRC.png","width":609,"height":504,"caption":"P\u00e8lerinage Vieux-Qu\u00e9bec"},"image":{"@id":"https:\/\/pelerinagequebec.ca\/#\/schema\/logo\/image\/"}}]}},"_links":{"self":[{"href":"https:\/\/pelerinagequebec.ca\/en\/wp-json\/wp\/v2\/pages\/4412","targetHints":{"allow":["GET"]}}],"collection":[{"href":"https:\/\/pelerinagequebec.ca\/en\/wp-json\/wp\/v2\/pages"}],"about":[{"href":"https:\/\/pelerinagequebec.ca\/en\/wp-json\/wp\/v2\/types\/page"}],"author":[{"embeddable":true,"href":"https:\/\/pelerinagequebec.ca\/en\/wp-json\/wp\/v2\/users\/7"}],"replies":[{"embeddable":true,"href":"https:\/\/pelerinagequebec.ca\/en\/wp-json\/wp\/v2\/comments?post=4412"}],"version-history":[{"count":2,"href":"https:\/\/pelerinagequebec.ca\/en\/wp-json\/wp\/v2\/pages\/4412\/revisions"}],"predecessor-version":[{"id":4466,"href":"https:\/\/pelerinagequebec.ca\/en\/wp-json\/wp\/v2\/pages\/4412\/revisions\/4466"}],"up":[{"embeddable":true,"href":"https:\/\/pelerinagequebec.ca\/en\/wp-json\/wp\/v2\/pages\/3629"}],"wp:featuredmedia":[{"embeddable":true,"href":"https:\/\/pelerinagequebec.ca\/en\/wp-json\/wp\/v2\/media\/4415"}],"wp:attachment":[{"href":"https:\/\/pelerinagequebec.ca\/en\/wp-json\/wp\/v2\/media?parent=4412"}],"curies":[{"name":"wp","href":"https:\/\/api.w.org\/{rel}","templated":true}]}}