{"id":3645,"date":"2022-06-04T17:31:05","date_gmt":"2022-06-04T21:31:05","guid":{"rendered":"https:\/\/pelerinagequebec.ca\/le-pelerinage\/peleriner-a-quebec\/"},"modified":"2023-03-06T10:06:01","modified_gmt":"2023-03-06T15:06:01","slug":"a-pilgrimage-in-quebec","status":"publish","type":"page","link":"https:\/\/pelerinagequebec.ca\/en\/the-pilgrimage\/a-pilgrimage-in-quebec\/","title":{"rendered":"A pilgrimage in Quebec"},"content":{"rendered":"","protected":false},"excerpt":{"rendered":"","protected":false},"author":6,"featured_media":3621,"parent":3631,"menu_order":32,"comment_status":"closed","ping_status":"closed","template":"","meta":{"_acf_changed":false,"footnotes":""},"class_list":["post-3645","page","type-page","status-publish","has-post-thumbnail","hentry"],"acf":[],"yoast_head":"<!-- This site is optimized with the Yoast SEO plugin v27.4 - https:\/\/yoast.com\/product\/yoast-seo-wordpress\/ -->\n<title>A pilgrimage in Quebec - P\u00e8lerinage Vieux-Qu\u00e9bec<\/title>\n<meta name=\"description\" content=\"During your pilgrimage in Quebec, you will walk in the footsteps of the forerunners of the Canadian Church and meet men and women who have loved God and were so passionate about preaching the Gospel, they dedicated their lives to it.\" \/>\n<meta name=\"robots\" content=\"index, follow, max-snippet:-1, max-image-preview:large, max-video-preview:-1\" \/>\n<link rel=\"canonical\" href=\"https:\/\/pelerinagequebec.ca\/en\/the-pilgrimage\/a-pilgrimage-in-quebec\/\" \/>\n<meta property=\"og:locale\" content=\"en_US\" \/>\n<meta property=\"og:type\" content=\"article\" \/>\n<meta property=\"og:title\" content=\"A pilgrimage in Quebec - P\u00e8lerinage Vieux-Qu\u00e9bec\" \/>\n<meta property=\"og:description\" content=\"During your pilgrimage in Quebec, you will walk in the footsteps of the forerunners of the Canadian Church and meet men and women who have loved God and were so passionate about preaching the Gospel, they dedicated their lives to it.\" \/>\n<meta property=\"og:url\" content=\"https:\/\/pelerinagequebec.ca\/en\/the-pilgrimage\/a-pilgrimage-in-quebec\/\" \/>\n<meta property=\"og:site_name\" content=\"P\u00e8lerinage Vieux-Qu\u00e9bec\" \/>\n<meta property=\"article:modified_time\" content=\"2023-03-06T15:06:01+00:00\" \/>\n<meta property=\"og:image\" content=\"https:\/\/pelerinagequebec.ca\/wp-content\/uploads\/2022\/07\/Pelerinage-quebec-city-Bann-FDA-33M4441-Basilique-cathedrale.jpg\" \/>\n\t<meta property=\"og:image:width\" content=\"1280\" \/>\n\t<meta property=\"og:image:height\" content=\"816\" \/>\n\t<meta property=\"og:image:type\" content=\"image\/jpeg\" \/>\n<meta name=\"twitter:card\" content=\"summary_large_image\" \/>\n<script type=\"application\/ld+json\" class=\"yoast-schema-graph\">{\"@context\":\"https:\\\/\\\/schema.org\",\"@graph\":[{\"@type\":\"WebPage\",\"@id\":\"https:\\\/\\\/pelerinagequebec.ca\\\/en\\\/the-pilgrimage\\\/a-pilgrimage-in-quebec\\\/\",\"url\":\"https:\\\/\\\/pelerinagequebec.ca\\\/en\\\/the-pilgrimage\\\/a-pilgrimage-in-quebec\\\/\",\"name\":\"A pilgrimage in Quebec - P\u00e8lerinage Vieux-Qu\u00e9bec\",\"isPartOf\":{\"@id\":\"https:\\\/\\\/pelerinagequebec.ca\\\/#website\"},\"primaryImageOfPage\":{\"@id\":\"https:\\\/\\\/pelerinagequebec.ca\\\/en\\\/the-pilgrimage\\\/a-pilgrimage-in-quebec\\\/#primaryimage\"},\"image\":{\"@id\":\"https:\\\/\\\/pelerinagequebec.ca\\\/en\\\/the-pilgrimage\\\/a-pilgrimage-in-quebec\\\/#primaryimage\"},\"thumbnailUrl\":\"https:\\\/\\\/pelerinagequebec.ca\\\/wp-content\\\/uploads\\\/2022\\\/07\\\/Pelerinage-quebec-city-Bann-FDA-33M4441-Basilique-cathedrale.jpg\",\"datePublished\":\"2022-06-04T21:31:05+00:00\",\"dateModified\":\"2023-03-06T15:06:01+00:00\",\"description\":\"During your pilgrimage in Quebec, you will walk in the footsteps of the forerunners of the Canadian Church and meet men and women who have loved God and were so passionate about preaching the Gospel, they dedicated their lives to it.\",\"breadcrumb\":{\"@id\":\"https:\\\/\\\/pelerinagequebec.ca\\\/en\\\/the-pilgrimage\\\/a-pilgrimage-in-quebec\\\/#breadcrumb\"},\"inLanguage\":\"en-US\",\"potentialAction\":[{\"@type\":\"ReadAction\",\"target\":[\"https:\\\/\\\/pelerinagequebec.ca\\\/en\\\/the-pilgrimage\\\/a-pilgrimage-in-quebec\\\/\"]}]},{\"@type\":\"ImageObject\",\"inLanguage\":\"en-US\",\"@id\":\"https:\\\/\\\/pelerinagequebec.ca\\\/en\\\/the-pilgrimage\\\/a-pilgrimage-in-quebec\\\/#primaryimage\",\"url\":\"https:\\\/\\\/pelerinagequebec.ca\\\/wp-content\\\/uploads\\\/2022\\\/07\\\/Pelerinage-quebec-city-Bann-FDA-33M4441-Basilique-cathedrale.jpg\",\"contentUrl\":\"https:\\\/\\\/pelerinagequebec.ca\\\/wp-content\\\/uploads\\\/2022\\\/07\\\/Pelerinage-quebec-city-Bann-FDA-33M4441-Basilique-cathedrale.jpg\",\"width\":1280,\"height\":816},{\"@type\":\"BreadcrumbList\",\"@id\":\"https:\\\/\\\/pelerinagequebec.ca\\\/en\\\/the-pilgrimage\\\/a-pilgrimage-in-quebec\\\/#breadcrumb\",\"itemListElement\":[{\"@type\":\"ListItem\",\"position\":1,\"name\":\"Accueil\",\"item\":\"https:\\\/\\\/pelerinagequebec.ca\\\/en\\\/\"},{\"@type\":\"ListItem\",\"position\":2,\"name\":\"The pilgrimage\",\"item\":\"https:\\\/\\\/pelerinagequebec.ca\\\/en\\\/the-pilgrimage\\\/\"},{\"@type\":\"ListItem\",\"position\":3,\"name\":\"A pilgrimage in Quebec\"}]},{\"@type\":\"WebSite\",\"@id\":\"https:\\\/\\\/pelerinagequebec.ca\\\/#website\",\"url\":\"https:\\\/\\\/pelerinagequebec.ca\\\/\",\"name\":\"P\u00e8lerinage Vieux-Qu\u00e9bec\",\"description\":\"Un p\u00e8lerinage aux tombeaux des fondateurs de l\u2019\u00e9glise canadienne\",\"publisher\":{\"@id\":\"https:\\\/\\\/pelerinagequebec.ca\\\/#organization\"},\"potentialAction\":[{\"@type\":\"SearchAction\",\"target\":{\"@type\":\"EntryPoint\",\"urlTemplate\":\"https:\\\/\\\/pelerinagequebec.ca\\\/?s={search_term_string}\"},\"query-input\":{\"@type\":\"PropertyValueSpecification\",\"valueRequired\":true,\"valueName\":\"search_term_string\"}}],\"inLanguage\":\"en-US\"},{\"@type\":\"Organization\",\"@id\":\"https:\\\/\\\/pelerinagequebec.ca\\\/#organization\",\"name\":\"P\u00e8lerinage Vieux-Qu\u00e9bec\",\"url\":\"https:\\\/\\\/pelerinagequebec.ca\\\/\",\"logo\":{\"@type\":\"ImageObject\",\"inLanguage\":\"en-US\",\"@id\":\"https:\\\/\\\/pelerinagequebec.ca\\\/#\\\/schema\\\/logo\\\/image\\\/\",\"url\":\"http:\\\/\\\/pelerinagequebec.ca\\\/wp-content\\\/uploads\\\/2022\\\/06\\\/Logo-transparent-hauteur-FRC.png\",\"contentUrl\":\"http:\\\/\\\/pelerinagequebec.ca\\\/wp-content\\\/uploads\\\/2022\\\/06\\\/Logo-transparent-hauteur-FRC.png\",\"width\":609,\"height\":504,\"caption\":\"P\u00e8lerinage Vieux-Qu\u00e9bec\"},\"image\":{\"@id\":\"https:\\\/\\\/pelerinagequebec.ca\\\/#\\\/schema\\\/logo\\\/image\\\/\"}}]}<\/script>\n<!-- \/ Yoast SEO plugin. -->","yoast_head_json":{"title":"A pilgrimage in Quebec - P\u00e8lerinage Vieux-Qu\u00e9bec","description":"During your pilgrimage in Quebec, you will walk in the footsteps of the forerunners of the Canadian Church and meet men and women who have loved God and were so passionate about preaching the Gospel, they dedicated their lives to it.","robots":{"index":"index","follow":"follow","max-snippet":"max-snippet:-1","max-image-preview":"max-image-preview:large","max-video-preview":"max-video-preview:-1"},"canonical":"https:\/\/pelerinagequebec.ca\/en\/the-pilgrimage\/a-pilgrimage-in-quebec\/","og_locale":"en_US","og_type":"article","og_title":"A pilgrimage in Quebec - P\u00e8lerinage Vieux-Qu\u00e9bec","og_description":"During your pilgrimage in Quebec, you will walk in the footsteps of the forerunners of the Canadian Church and meet men and women who have loved God and were so passionate about preaching the Gospel, they dedicated their lives to it.","og_url":"https:\/\/pelerinagequebec.ca\/en\/the-pilgrimage\/a-pilgrimage-in-quebec\/","og_site_name":"P\u00e8lerinage Vieux-Qu\u00e9bec","article_modified_time":"2023-03-06T15:06:01+00:00","og_image":[{"width":1280,"height":816,"url":"https:\/\/pelerinagequebec.ca\/wp-content\/uploads\/2022\/07\/Pelerinage-quebec-city-Bann-FDA-33M4441-Basilique-cathedrale.jpg","type":"image\/jpeg"}],"twitter_card":"summary_large_image","schema":{"@context":"https:\/\/schema.org","@graph":[{"@type":"WebPage","@id":"https:\/\/pelerinagequebec.ca\/en\/the-pilgrimage\/a-pilgrimage-in-quebec\/","url":"https:\/\/pelerinagequebec.ca\/en\/the-pilgrimage\/a-pilgrimage-in-quebec\/","name":"A pilgrimage in Quebec - P\u00e8lerinage Vieux-Qu\u00e9bec","isPartOf":{"@id":"https:\/\/pelerinagequebec.ca\/#website"},"primaryImageOfPage":{"@id":"https:\/\/pelerinagequebec.ca\/en\/the-pilgrimage\/a-pilgrimage-in-quebec\/#primaryimage"},"image":{"@id":"https:\/\/pelerinagequebec.ca\/en\/the-pilgrimage\/a-pilgrimage-in-quebec\/#primaryimage"},"thumbnailUrl":"https:\/\/pelerinagequebec.ca\/wp-content\/uploads\/2022\/07\/Pelerinage-quebec-city-Bann-FDA-33M4441-Basilique-cathedrale.jpg","datePublished":"2022-06-04T21:31:05+00:00","dateModified":"2023-03-06T15:06:01+00:00","description":"During your pilgrimage in Quebec, you will walk in the footsteps of the forerunners of the Canadian Church and meet men and women who have loved God and were so passionate about preaching the Gospel, they dedicated their lives to it.","breadcrumb":{"@id":"https:\/\/pelerinagequebec.ca\/en\/the-pilgrimage\/a-pilgrimage-in-quebec\/#breadcrumb"},"inLanguage":"en-US","potentialAction":[{"@type":"ReadAction","target":["https:\/\/pelerinagequebec.ca\/en\/the-pilgrimage\/a-pilgrimage-in-quebec\/"]}]},{"@type":"ImageObject","inLanguage":"en-US","@id":"https:\/\/pelerinagequebec.ca\/en\/the-pilgrimage\/a-pilgrimage-in-quebec\/#primaryimage","url":"https:\/\/pelerinagequebec.ca\/wp-content\/uploads\/2022\/07\/Pelerinage-quebec-city-Bann-FDA-33M4441-Basilique-cathedrale.jpg","contentUrl":"https:\/\/pelerinagequebec.ca\/wp-content\/uploads\/2022\/07\/Pelerinage-quebec-city-Bann-FDA-33M4441-Basilique-cathedrale.jpg","width":1280,"height":816},{"@type":"BreadcrumbList","@id":"https:\/\/pelerinagequebec.ca\/en\/the-pilgrimage\/a-pilgrimage-in-quebec\/#breadcrumb","itemListElement":[{"@type":"ListItem","position":1,"name":"Accueil","item":"https:\/\/pelerinagequebec.ca\/en\/"},{"@type":"ListItem","position":2,"name":"The pilgrimage","item":"https:\/\/pelerinagequebec.ca\/en\/the-pilgrimage\/"},{"@type":"ListItem","position":3,"name":"A pilgrimage in Quebec"}]},{"@type":"WebSite","@id":"https:\/\/pelerinagequebec.ca\/#website","url":"https:\/\/pelerinagequebec.ca\/","name":"P\u00e8lerinage Vieux-Qu\u00e9bec","description":"Un p\u00e8lerinage aux tombeaux des fondateurs de l\u2019\u00e9glise canadienne","publisher":{"@id":"https:\/\/pelerinagequebec.ca\/#organization"},"potentialAction":[{"@type":"SearchAction","target":{"@type":"EntryPoint","urlTemplate":"https:\/\/pelerinagequebec.ca\/?s={search_term_string}"},"query-input":{"@type":"PropertyValueSpecification","valueRequired":true,"valueName":"search_term_string"}}],"inLanguage":"en-US"},{"@type":"Organization","@id":"https:\/\/pelerinagequebec.ca\/#organization","name":"P\u00e8lerinage Vieux-Qu\u00e9bec","url":"https:\/\/pelerinagequebec.ca\/","logo":{"@type":"ImageObject","inLanguage":"en-US","@id":"https:\/\/pelerinagequebec.ca\/#\/schema\/logo\/image\/","url":"http:\/\/pelerinagequebec.ca\/wp-content\/uploads\/2022\/06\/Logo-transparent-hauteur-FRC.png","contentUrl":"http:\/\/pelerinagequebec.ca\/wp-content\/uploads\/2022\/06\/Logo-transparent-hauteur-FRC.png","width":609,"height":504,"caption":"P\u00e8lerinage Vieux-Qu\u00e9bec"},"image":{"@id":"https:\/\/pelerinagequebec.ca\/#\/schema\/logo\/image\/"}}]}},"_links":{"self":[{"href":"https:\/\/pelerinagequebec.ca\/en\/wp-json\/wp\/v2\/pages\/3645","targetHints":{"allow":["GET"]}}],"collection":[{"href":"https:\/\/pelerinagequebec.ca\/en\/wp-json\/wp\/v2\/pages"}],"about":[{"href":"https:\/\/pelerinagequebec.ca\/en\/wp-json\/wp\/v2\/types\/page"}],"author":[{"embeddable":true,"href":"https:\/\/pelerinagequebec.ca\/en\/wp-json\/wp\/v2\/users\/6"}],"replies":[{"embeddable":true,"href":"https:\/\/pelerinagequebec.ca\/en\/wp-json\/wp\/v2\/comments?post=3645"}],"version-history":[{"count":30,"href":"https:\/\/pelerinagequebec.ca\/en\/wp-json\/wp\/v2\/pages\/3645\/revisions"}],"predecessor-version":[{"id":4290,"href":"https:\/\/pelerinagequebec.ca\/en\/wp-json\/wp\/v2\/pages\/3645\/revisions\/4290"}],"up":[{"embeddable":true,"href":"https:\/\/pelerinagequebec.ca\/en\/wp-json\/wp\/v2\/pages\/3631"}],"wp:featuredmedia":[{"embeddable":true,"href":"https:\/\/pelerinagequebec.ca\/en\/wp-json\/wp\/v2\/media\/3621"}],"wp:attachment":[{"href":"https:\/\/pelerinagequebec.ca\/en\/wp-json\/wp\/v2\/media?parent=3645"}],"curies":[{"name":"wp","href":"https:\/\/api.w.org\/{rel}","templated":true}]}}