{"id":3643,"date":"2022-06-22T11:24:39","date_gmt":"2022-06-22T15:24:39","guid":{"rendered":"https:\/\/pelerinagequebec.ca\/nos-saints-fondateurs\/saint-francois-de-laval\/"},"modified":"2023-03-06T09:20:25","modified_gmt":"2023-03-06T14:20:25","slug":"saint-francois-de-laval","status":"publish","type":"page","link":"https:\/\/pelerinagequebec.ca\/en\/our-saint-founders\/saint-francois-de-laval\/","title":{"rendered":"Saint Fran\u00e7ois de Laval"},"content":{"rendered":"","protected":false},"excerpt":{"rendered":"","protected":false},"author":6,"featured_media":3560,"parent":3630,"menu_order":26,"comment_status":"closed","ping_status":"closed","template":"","meta":{"_acf_changed":false,"footnotes":""},"class_list":["post-3643","page","type-page","status-publish","has-post-thumbnail","hentry"],"acf":[],"yoast_head":"<!-- This site is optimized with the Yoast SEO plugin v27.4 - https:\/\/yoast.com\/product\/yoast-seo-wordpress\/ -->\n<title>Saint Fran\u00e7ois de Laval - P\u00e8lerinage Vieux-Qu\u00e9bec<\/title>\n<meta name=\"description\" content=\"Saint Fran\u00e7ois de Laval (1623-1708) first bishop of Quebec | He was canonized by Pope Francis on April 3rd, 2014. Every year, over 15,000 people seek his intercession with various addictions or financial problems,\u2026\" \/>\n<meta name=\"robots\" content=\"index, follow, max-snippet:-1, max-image-preview:large, max-video-preview:-1\" \/>\n<link rel=\"canonical\" href=\"https:\/\/pelerinagequebec.ca\/en\/our-saint-founders\/saint-francois-de-laval\/\" \/>\n<meta property=\"og:locale\" content=\"en_US\" \/>\n<meta property=\"og:type\" content=\"article\" \/>\n<meta property=\"og:title\" content=\"Saint Fran\u00e7ois de Laval - P\u00e8lerinage Vieux-Qu\u00e9bec\" \/>\n<meta property=\"og:description\" content=\"Saint Fran\u00e7ois de Laval (1623-1708) first bishop of Quebec | He was canonized by Pope Francis on April 3rd, 2014. Every year, over 15,000 people seek his intercession with various addictions or financial problems,\u2026\" \/>\n<meta property=\"og:url\" content=\"https:\/\/pelerinagequebec.ca\/en\/our-saint-founders\/saint-francois-de-laval\/\" \/>\n<meta property=\"og:site_name\" content=\"P\u00e8lerinage Vieux-Qu\u00e9bec\" \/>\n<meta property=\"article:modified_time\" content=\"2023-03-06T14:20:25+00:00\" \/>\n<meta property=\"og:image\" content=\"https:\/\/pelerinagequebec.ca\/wp-content\/uploads\/2022\/06\/Francois-Laval-Bann_33N3219-pf.jpg\" \/>\n\t<meta property=\"og:image:width\" content=\"1280\" \/>\n\t<meta property=\"og:image:height\" content=\"840\" \/>\n\t<meta property=\"og:image:type\" content=\"image\/jpeg\" \/>\n<meta name=\"twitter:card\" content=\"summary_large_image\" \/>\n<script type=\"application\/ld+json\" class=\"yoast-schema-graph\">{\"@context\":\"https:\\\/\\\/schema.org\",\"@graph\":[{\"@type\":\"WebPage\",\"@id\":\"https:\\\/\\\/pelerinagequebec.ca\\\/en\\\/our-saint-founders\\\/saint-francois-de-laval\\\/\",\"url\":\"https:\\\/\\\/pelerinagequebec.ca\\\/en\\\/our-saint-founders\\\/saint-francois-de-laval\\\/\",\"name\":\"Saint Fran\u00e7ois de Laval - P\u00e8lerinage Vieux-Qu\u00e9bec\",\"isPartOf\":{\"@id\":\"https:\\\/\\\/pelerinagequebec.ca\\\/#website\"},\"primaryImageOfPage\":{\"@id\":\"https:\\\/\\\/pelerinagequebec.ca\\\/en\\\/our-saint-founders\\\/saint-francois-de-laval\\\/#primaryimage\"},\"image\":{\"@id\":\"https:\\\/\\\/pelerinagequebec.ca\\\/en\\\/our-saint-founders\\\/saint-francois-de-laval\\\/#primaryimage\"},\"thumbnailUrl\":\"https:\\\/\\\/pelerinagequebec.ca\\\/wp-content\\\/uploads\\\/2022\\\/06\\\/Francois-Laval-Bann_33N3219-pf.jpg\",\"datePublished\":\"2022-06-22T15:24:39+00:00\",\"dateModified\":\"2023-03-06T14:20:25+00:00\",\"description\":\"Saint Fran\u00e7ois de Laval (1623-1708) first bishop of Quebec | He was canonized by Pope Francis on April 3rd, 2014. Every year, over 15,000 people seek his intercession with various addictions or financial problems,\u2026\",\"breadcrumb\":{\"@id\":\"https:\\\/\\\/pelerinagequebec.ca\\\/en\\\/our-saint-founders\\\/saint-francois-de-laval\\\/#breadcrumb\"},\"inLanguage\":\"en-US\",\"potentialAction\":[{\"@type\":\"ReadAction\",\"target\":[\"https:\\\/\\\/pelerinagequebec.ca\\\/en\\\/our-saint-founders\\\/saint-francois-de-laval\\\/\"]}]},{\"@type\":\"ImageObject\",\"inLanguage\":\"en-US\",\"@id\":\"https:\\\/\\\/pelerinagequebec.ca\\\/en\\\/our-saint-founders\\\/saint-francois-de-laval\\\/#primaryimage\",\"url\":\"https:\\\/\\\/pelerinagequebec.ca\\\/wp-content\\\/uploads\\\/2022\\\/06\\\/Francois-Laval-Bann_33N3219-pf.jpg\",\"contentUrl\":\"https:\\\/\\\/pelerinagequebec.ca\\\/wp-content\\\/uploads\\\/2022\\\/06\\\/Francois-Laval-Bann_33N3219-pf.jpg\",\"width\":1280,\"height\":840},{\"@type\":\"BreadcrumbList\",\"@id\":\"https:\\\/\\\/pelerinagequebec.ca\\\/en\\\/our-saint-founders\\\/saint-francois-de-laval\\\/#breadcrumb\",\"itemListElement\":[{\"@type\":\"ListItem\",\"position\":1,\"name\":\"Accueil\",\"item\":\"https:\\\/\\\/pelerinagequebec.ca\\\/en\\\/\"},{\"@type\":\"ListItem\",\"position\":2,\"name\":\"Our saint Founders\",\"item\":\"https:\\\/\\\/pelerinagequebec.ca\\\/en\\\/our-saint-founders\\\/\"},{\"@type\":\"ListItem\",\"position\":3,\"name\":\"Saint Fran\u00e7ois de Laval\"}]},{\"@type\":\"WebSite\",\"@id\":\"https:\\\/\\\/pelerinagequebec.ca\\\/#website\",\"url\":\"https:\\\/\\\/pelerinagequebec.ca\\\/\",\"name\":\"P\u00e8lerinage Vieux-Qu\u00e9bec\",\"description\":\"Un p\u00e8lerinage aux tombeaux des fondateurs de l\u2019\u00e9glise canadienne\",\"publisher\":{\"@id\":\"https:\\\/\\\/pelerinagequebec.ca\\\/#organization\"},\"potentialAction\":[{\"@type\":\"SearchAction\",\"target\":{\"@type\":\"EntryPoint\",\"urlTemplate\":\"https:\\\/\\\/pelerinagequebec.ca\\\/?s={search_term_string}\"},\"query-input\":{\"@type\":\"PropertyValueSpecification\",\"valueRequired\":true,\"valueName\":\"search_term_string\"}}],\"inLanguage\":\"en-US\"},{\"@type\":\"Organization\",\"@id\":\"https:\\\/\\\/pelerinagequebec.ca\\\/#organization\",\"name\":\"P\u00e8lerinage Vieux-Qu\u00e9bec\",\"url\":\"https:\\\/\\\/pelerinagequebec.ca\\\/\",\"logo\":{\"@type\":\"ImageObject\",\"inLanguage\":\"en-US\",\"@id\":\"https:\\\/\\\/pelerinagequebec.ca\\\/#\\\/schema\\\/logo\\\/image\\\/\",\"url\":\"http:\\\/\\\/pelerinagequebec.ca\\\/wp-content\\\/uploads\\\/2022\\\/06\\\/Logo-transparent-hauteur-FRC.png\",\"contentUrl\":\"http:\\\/\\\/pelerinagequebec.ca\\\/wp-content\\\/uploads\\\/2022\\\/06\\\/Logo-transparent-hauteur-FRC.png\",\"width\":609,\"height\":504,\"caption\":\"P\u00e8lerinage Vieux-Qu\u00e9bec\"},\"image\":{\"@id\":\"https:\\\/\\\/pelerinagequebec.ca\\\/#\\\/schema\\\/logo\\\/image\\\/\"}}]}<\/script>\n<!-- \/ Yoast SEO plugin. -->","yoast_head_json":{"title":"Saint Fran\u00e7ois de Laval - P\u00e8lerinage Vieux-Qu\u00e9bec","description":"Saint Fran\u00e7ois de Laval (1623-1708) first bishop of Quebec | He was canonized by Pope Francis on April 3rd, 2014. Every year, over 15,000 people seek his intercession with various addictions or financial problems,\u2026","robots":{"index":"index","follow":"follow","max-snippet":"max-snippet:-1","max-image-preview":"max-image-preview:large","max-video-preview":"max-video-preview:-1"},"canonical":"https:\/\/pelerinagequebec.ca\/en\/our-saint-founders\/saint-francois-de-laval\/","og_locale":"en_US","og_type":"article","og_title":"Saint Fran\u00e7ois de Laval - P\u00e8lerinage Vieux-Qu\u00e9bec","og_description":"Saint Fran\u00e7ois de Laval (1623-1708) first bishop of Quebec | He was canonized by Pope Francis on April 3rd, 2014. Every year, over 15,000 people seek his intercession with various addictions or financial problems,\u2026","og_url":"https:\/\/pelerinagequebec.ca\/en\/our-saint-founders\/saint-francois-de-laval\/","og_site_name":"P\u00e8lerinage Vieux-Qu\u00e9bec","article_modified_time":"2023-03-06T14:20:25+00:00","og_image":[{"width":1280,"height":840,"url":"https:\/\/pelerinagequebec.ca\/wp-content\/uploads\/2022\/06\/Francois-Laval-Bann_33N3219-pf.jpg","type":"image\/jpeg"}],"twitter_card":"summary_large_image","schema":{"@context":"https:\/\/schema.org","@graph":[{"@type":"WebPage","@id":"https:\/\/pelerinagequebec.ca\/en\/our-saint-founders\/saint-francois-de-laval\/","url":"https:\/\/pelerinagequebec.ca\/en\/our-saint-founders\/saint-francois-de-laval\/","name":"Saint Fran\u00e7ois de Laval - P\u00e8lerinage Vieux-Qu\u00e9bec","isPartOf":{"@id":"https:\/\/pelerinagequebec.ca\/#website"},"primaryImageOfPage":{"@id":"https:\/\/pelerinagequebec.ca\/en\/our-saint-founders\/saint-francois-de-laval\/#primaryimage"},"image":{"@id":"https:\/\/pelerinagequebec.ca\/en\/our-saint-founders\/saint-francois-de-laval\/#primaryimage"},"thumbnailUrl":"https:\/\/pelerinagequebec.ca\/wp-content\/uploads\/2022\/06\/Francois-Laval-Bann_33N3219-pf.jpg","datePublished":"2022-06-22T15:24:39+00:00","dateModified":"2023-03-06T14:20:25+00:00","description":"Saint Fran\u00e7ois de Laval (1623-1708) first bishop of Quebec | He was canonized by Pope Francis on April 3rd, 2014. Every year, over 15,000 people seek his intercession with various addictions or financial problems,\u2026","breadcrumb":{"@id":"https:\/\/pelerinagequebec.ca\/en\/our-saint-founders\/saint-francois-de-laval\/#breadcrumb"},"inLanguage":"en-US","potentialAction":[{"@type":"ReadAction","target":["https:\/\/pelerinagequebec.ca\/en\/our-saint-founders\/saint-francois-de-laval\/"]}]},{"@type":"ImageObject","inLanguage":"en-US","@id":"https:\/\/pelerinagequebec.ca\/en\/our-saint-founders\/saint-francois-de-laval\/#primaryimage","url":"https:\/\/pelerinagequebec.ca\/wp-content\/uploads\/2022\/06\/Francois-Laval-Bann_33N3219-pf.jpg","contentUrl":"https:\/\/pelerinagequebec.ca\/wp-content\/uploads\/2022\/06\/Francois-Laval-Bann_33N3219-pf.jpg","width":1280,"height":840},{"@type":"BreadcrumbList","@id":"https:\/\/pelerinagequebec.ca\/en\/our-saint-founders\/saint-francois-de-laval\/#breadcrumb","itemListElement":[{"@type":"ListItem","position":1,"name":"Accueil","item":"https:\/\/pelerinagequebec.ca\/en\/"},{"@type":"ListItem","position":2,"name":"Our saint Founders","item":"https:\/\/pelerinagequebec.ca\/en\/our-saint-founders\/"},{"@type":"ListItem","position":3,"name":"Saint Fran\u00e7ois de Laval"}]},{"@type":"WebSite","@id":"https:\/\/pelerinagequebec.ca\/#website","url":"https:\/\/pelerinagequebec.ca\/","name":"P\u00e8lerinage Vieux-Qu\u00e9bec","description":"Un p\u00e8lerinage aux tombeaux des fondateurs de l\u2019\u00e9glise canadienne","publisher":{"@id":"https:\/\/pelerinagequebec.ca\/#organization"},"potentialAction":[{"@type":"SearchAction","target":{"@type":"EntryPoint","urlTemplate":"https:\/\/pelerinagequebec.ca\/?s={search_term_string}"},"query-input":{"@type":"PropertyValueSpecification","valueRequired":true,"valueName":"search_term_string"}}],"inLanguage":"en-US"},{"@type":"Organization","@id":"https:\/\/pelerinagequebec.ca\/#organization","name":"P\u00e8lerinage Vieux-Qu\u00e9bec","url":"https:\/\/pelerinagequebec.ca\/","logo":{"@type":"ImageObject","inLanguage":"en-US","@id":"https:\/\/pelerinagequebec.ca\/#\/schema\/logo\/image\/","url":"http:\/\/pelerinagequebec.ca\/wp-content\/uploads\/2022\/06\/Logo-transparent-hauteur-FRC.png","contentUrl":"http:\/\/pelerinagequebec.ca\/wp-content\/uploads\/2022\/06\/Logo-transparent-hauteur-FRC.png","width":609,"height":504,"caption":"P\u00e8lerinage Vieux-Qu\u00e9bec"},"image":{"@id":"https:\/\/pelerinagequebec.ca\/#\/schema\/logo\/image\/"}}]}},"_links":{"self":[{"href":"https:\/\/pelerinagequebec.ca\/en\/wp-json\/wp\/v2\/pages\/3643","targetHints":{"allow":["GET"]}}],"collection":[{"href":"https:\/\/pelerinagequebec.ca\/en\/wp-json\/wp\/v2\/pages"}],"about":[{"href":"https:\/\/pelerinagequebec.ca\/en\/wp-json\/wp\/v2\/types\/page"}],"author":[{"embeddable":true,"href":"https:\/\/pelerinagequebec.ca\/en\/wp-json\/wp\/v2\/users\/6"}],"replies":[{"embeddable":true,"href":"https:\/\/pelerinagequebec.ca\/en\/wp-json\/wp\/v2\/comments?post=3643"}],"version-history":[{"count":9,"href":"https:\/\/pelerinagequebec.ca\/en\/wp-json\/wp\/v2\/pages\/3643\/revisions"}],"predecessor-version":[{"id":4286,"href":"https:\/\/pelerinagequebec.ca\/en\/wp-json\/wp\/v2\/pages\/3643\/revisions\/4286"}],"up":[{"embeddable":true,"href":"https:\/\/pelerinagequebec.ca\/en\/wp-json\/wp\/v2\/pages\/3630"}],"wp:featuredmedia":[{"embeddable":true,"href":"https:\/\/pelerinagequebec.ca\/en\/wp-json\/wp\/v2\/media\/3560"}],"wp:attachment":[{"href":"https:\/\/pelerinagequebec.ca\/en\/wp-json\/wp\/v2\/media?parent=3643"}],"curies":[{"name":"wp","href":"https:\/\/api.w.org\/{rel}","templated":true}]}}