{"id":3642,"date":"2022-06-04T10:07:45","date_gmt":"2022-06-04T14:07:45","guid":{"rendered":"https:\/\/pelerinagequebec.ca\/nos-saints-fondateurs\/bienheureuse-marie-catherine-de-saint-augustin\/"},"modified":"2023-03-06T09:07:00","modified_gmt":"2023-03-06T14:07:00","slug":"blessed-marie-catherine-de-saint-augustin","status":"publish","type":"page","link":"https:\/\/pelerinagequebec.ca\/en\/our-saint-founders\/blessed-marie-catherine-de-saint-augustin\/","title":{"rendered":"Blessed Marie-Catherine de Saint-Augustin"},"content":{"rendered":"","protected":false},"excerpt":{"rendered":"","protected":false},"author":6,"featured_media":3590,"parent":3630,"menu_order":23,"comment_status":"closed","ping_status":"closed","template":"","meta":{"_acf_changed":false,"footnotes":""},"class_list":["post-3642","page","type-page","status-publish","has-post-thumbnail","hentry"],"acf":[],"yoast_head":"<!-- This site is optimized with the Yoast SEO plugin v27.3 - https:\/\/yoast.com\/product\/yoast-seo-wordpress\/ -->\n<title>Blessed Marie-Catherine de Saint-Augustin - P\u00e8lerinage Vieux-Qu\u00e9bec<\/title>\n<meta name=\"description\" content=\"Blessed Marie-Catherine de Saint-Augustin | Catherine de Longpr\u00e9 was a young girl from Normandy, born on May 3rd, 1632. She was touched by the grace of God at an early age.\" \/>\n<meta name=\"robots\" content=\"index, follow, max-snippet:-1, max-image-preview:large, max-video-preview:-1\" \/>\n<link rel=\"canonical\" href=\"https:\/\/pelerinagequebec.ca\/en\/our-saint-founders\/blessed-marie-catherine-de-saint-augustin\/\" \/>\n<meta property=\"og:locale\" content=\"en_US\" \/>\n<meta property=\"og:type\" content=\"article\" \/>\n<meta property=\"og:title\" content=\"Blessed Marie-Catherine de Saint-Augustin - P\u00e8lerinage Vieux-Qu\u00e9bec\" \/>\n<meta property=\"og:description\" content=\"Blessed Marie-Catherine de Saint-Augustin | Catherine de Longpr\u00e9 was a young girl from Normandy, born on May 3rd, 1632. She was touched by the grace of God at an early age.\" \/>\n<meta property=\"og:url\" content=\"https:\/\/pelerinagequebec.ca\/en\/our-saint-founders\/blessed-marie-catherine-de-saint-augustin\/\" \/>\n<meta property=\"og:site_name\" content=\"P\u00e8lerinage Vieux-Qu\u00e9bec\" \/>\n<meta property=\"article:modified_time\" content=\"2023-03-06T14:07:00+00:00\" \/>\n<meta property=\"og:image\" content=\"https:\/\/pelerinagequebec.ca\/wp-content\/uploads\/2022\/06\/Marie-Catherine-de-Saint-Augustin-Bann-52.jpg\" \/>\n\t<meta property=\"og:image:width\" content=\"1280\" \/>\n\t<meta property=\"og:image:height\" content=\"840\" \/>\n\t<meta property=\"og:image:type\" content=\"image\/jpeg\" \/>\n<meta name=\"twitter:card\" content=\"summary_large_image\" \/>\n<script type=\"application\/ld+json\" class=\"yoast-schema-graph\">{\"@context\":\"https:\\\/\\\/schema.org\",\"@graph\":[{\"@type\":\"WebPage\",\"@id\":\"https:\\\/\\\/pelerinagequebec.ca\\\/en\\\/our-saint-founders\\\/blessed-marie-catherine-de-saint-augustin\\\/\",\"url\":\"https:\\\/\\\/pelerinagequebec.ca\\\/en\\\/our-saint-founders\\\/blessed-marie-catherine-de-saint-augustin\\\/\",\"name\":\"Blessed Marie-Catherine de Saint-Augustin - P\u00e8lerinage Vieux-Qu\u00e9bec\",\"isPartOf\":{\"@id\":\"https:\\\/\\\/pelerinagequebec.ca\\\/#website\"},\"primaryImageOfPage\":{\"@id\":\"https:\\\/\\\/pelerinagequebec.ca\\\/en\\\/our-saint-founders\\\/blessed-marie-catherine-de-saint-augustin\\\/#primaryimage\"},\"image\":{\"@id\":\"https:\\\/\\\/pelerinagequebec.ca\\\/en\\\/our-saint-founders\\\/blessed-marie-catherine-de-saint-augustin\\\/#primaryimage\"},\"thumbnailUrl\":\"https:\\\/\\\/pelerinagequebec.ca\\\/wp-content\\\/uploads\\\/2022\\\/06\\\/Marie-Catherine-de-Saint-Augustin-Bann-52.jpg\",\"datePublished\":\"2022-06-04T14:07:45+00:00\",\"dateModified\":\"2023-03-06T14:07:00+00:00\",\"description\":\"Blessed Marie-Catherine de Saint-Augustin | Catherine de Longpr\u00e9 was a young girl from Normandy, born on May 3rd, 1632. She was touched by the grace of God at an early age.\",\"breadcrumb\":{\"@id\":\"https:\\\/\\\/pelerinagequebec.ca\\\/en\\\/our-saint-founders\\\/blessed-marie-catherine-de-saint-augustin\\\/#breadcrumb\"},\"inLanguage\":\"en-US\",\"potentialAction\":[{\"@type\":\"ReadAction\",\"target\":[\"https:\\\/\\\/pelerinagequebec.ca\\\/en\\\/our-saint-founders\\\/blessed-marie-catherine-de-saint-augustin\\\/\"]}]},{\"@type\":\"ImageObject\",\"inLanguage\":\"en-US\",\"@id\":\"https:\\\/\\\/pelerinagequebec.ca\\\/en\\\/our-saint-founders\\\/blessed-marie-catherine-de-saint-augustin\\\/#primaryimage\",\"url\":\"https:\\\/\\\/pelerinagequebec.ca\\\/wp-content\\\/uploads\\\/2022\\\/06\\\/Marie-Catherine-de-Saint-Augustin-Bann-52.jpg\",\"contentUrl\":\"https:\\\/\\\/pelerinagequebec.ca\\\/wp-content\\\/uploads\\\/2022\\\/06\\\/Marie-Catherine-de-Saint-Augustin-Bann-52.jpg\",\"width\":1280,\"height\":840},{\"@type\":\"BreadcrumbList\",\"@id\":\"https:\\\/\\\/pelerinagequebec.ca\\\/en\\\/our-saint-founders\\\/blessed-marie-catherine-de-saint-augustin\\\/#breadcrumb\",\"itemListElement\":[{\"@type\":\"ListItem\",\"position\":1,\"name\":\"Accueil\",\"item\":\"https:\\\/\\\/pelerinagequebec.ca\\\/en\\\/\"},{\"@type\":\"ListItem\",\"position\":2,\"name\":\"Our saint Founders\",\"item\":\"https:\\\/\\\/pelerinagequebec.ca\\\/en\\\/our-saint-founders\\\/\"},{\"@type\":\"ListItem\",\"position\":3,\"name\":\"Blessed Marie-Catherine de Saint-Augustin\"}]},{\"@type\":\"WebSite\",\"@id\":\"https:\\\/\\\/pelerinagequebec.ca\\\/#website\",\"url\":\"https:\\\/\\\/pelerinagequebec.ca\\\/\",\"name\":\"P\u00e8lerinage Vieux-Qu\u00e9bec\",\"description\":\"Un p\u00e8lerinage aux tombeaux des fondateurs de l\u2019\u00e9glise canadienne\",\"publisher\":{\"@id\":\"https:\\\/\\\/pelerinagequebec.ca\\\/#organization\"},\"potentialAction\":[{\"@type\":\"SearchAction\",\"target\":{\"@type\":\"EntryPoint\",\"urlTemplate\":\"https:\\\/\\\/pelerinagequebec.ca\\\/?s={search_term_string}\"},\"query-input\":{\"@type\":\"PropertyValueSpecification\",\"valueRequired\":true,\"valueName\":\"search_term_string\"}}],\"inLanguage\":\"en-US\"},{\"@type\":\"Organization\",\"@id\":\"https:\\\/\\\/pelerinagequebec.ca\\\/#organization\",\"name\":\"P\u00e8lerinage Vieux-Qu\u00e9bec\",\"url\":\"https:\\\/\\\/pelerinagequebec.ca\\\/\",\"logo\":{\"@type\":\"ImageObject\",\"inLanguage\":\"en-US\",\"@id\":\"https:\\\/\\\/pelerinagequebec.ca\\\/#\\\/schema\\\/logo\\\/image\\\/\",\"url\":\"http:\\\/\\\/pelerinagequebec.ca\\\/wp-content\\\/uploads\\\/2022\\\/06\\\/Logo-transparent-hauteur-FRC.png\",\"contentUrl\":\"http:\\\/\\\/pelerinagequebec.ca\\\/wp-content\\\/uploads\\\/2022\\\/06\\\/Logo-transparent-hauteur-FRC.png\",\"width\":609,\"height\":504,\"caption\":\"P\u00e8lerinage Vieux-Qu\u00e9bec\"},\"image\":{\"@id\":\"https:\\\/\\\/pelerinagequebec.ca\\\/#\\\/schema\\\/logo\\\/image\\\/\"}}]}<\/script>\n<!-- \/ Yoast SEO plugin. -->","yoast_head_json":{"title":"Blessed Marie-Catherine de Saint-Augustin - P\u00e8lerinage Vieux-Qu\u00e9bec","description":"Blessed Marie-Catherine de Saint-Augustin | Catherine de Longpr\u00e9 was a young girl from Normandy, born on May 3rd, 1632. She was touched by the grace of God at an early age.","robots":{"index":"index","follow":"follow","max-snippet":"max-snippet:-1","max-image-preview":"max-image-preview:large","max-video-preview":"max-video-preview:-1"},"canonical":"https:\/\/pelerinagequebec.ca\/en\/our-saint-founders\/blessed-marie-catherine-de-saint-augustin\/","og_locale":"en_US","og_type":"article","og_title":"Blessed Marie-Catherine de Saint-Augustin - P\u00e8lerinage Vieux-Qu\u00e9bec","og_description":"Blessed Marie-Catherine de Saint-Augustin | Catherine de Longpr\u00e9 was a young girl from Normandy, born on May 3rd, 1632. She was touched by the grace of God at an early age.","og_url":"https:\/\/pelerinagequebec.ca\/en\/our-saint-founders\/blessed-marie-catherine-de-saint-augustin\/","og_site_name":"P\u00e8lerinage Vieux-Qu\u00e9bec","article_modified_time":"2023-03-06T14:07:00+00:00","og_image":[{"width":1280,"height":840,"url":"https:\/\/pelerinagequebec.ca\/wp-content\/uploads\/2022\/06\/Marie-Catherine-de-Saint-Augustin-Bann-52.jpg","type":"image\/jpeg"}],"twitter_card":"summary_large_image","schema":{"@context":"https:\/\/schema.org","@graph":[{"@type":"WebPage","@id":"https:\/\/pelerinagequebec.ca\/en\/our-saint-founders\/blessed-marie-catherine-de-saint-augustin\/","url":"https:\/\/pelerinagequebec.ca\/en\/our-saint-founders\/blessed-marie-catherine-de-saint-augustin\/","name":"Blessed Marie-Catherine de Saint-Augustin - P\u00e8lerinage Vieux-Qu\u00e9bec","isPartOf":{"@id":"https:\/\/pelerinagequebec.ca\/#website"},"primaryImageOfPage":{"@id":"https:\/\/pelerinagequebec.ca\/en\/our-saint-founders\/blessed-marie-catherine-de-saint-augustin\/#primaryimage"},"image":{"@id":"https:\/\/pelerinagequebec.ca\/en\/our-saint-founders\/blessed-marie-catherine-de-saint-augustin\/#primaryimage"},"thumbnailUrl":"https:\/\/pelerinagequebec.ca\/wp-content\/uploads\/2022\/06\/Marie-Catherine-de-Saint-Augustin-Bann-52.jpg","datePublished":"2022-06-04T14:07:45+00:00","dateModified":"2023-03-06T14:07:00+00:00","description":"Blessed Marie-Catherine de Saint-Augustin | Catherine de Longpr\u00e9 was a young girl from Normandy, born on May 3rd, 1632. She was touched by the grace of God at an early age.","breadcrumb":{"@id":"https:\/\/pelerinagequebec.ca\/en\/our-saint-founders\/blessed-marie-catherine-de-saint-augustin\/#breadcrumb"},"inLanguage":"en-US","potentialAction":[{"@type":"ReadAction","target":["https:\/\/pelerinagequebec.ca\/en\/our-saint-founders\/blessed-marie-catherine-de-saint-augustin\/"]}]},{"@type":"ImageObject","inLanguage":"en-US","@id":"https:\/\/pelerinagequebec.ca\/en\/our-saint-founders\/blessed-marie-catherine-de-saint-augustin\/#primaryimage","url":"https:\/\/pelerinagequebec.ca\/wp-content\/uploads\/2022\/06\/Marie-Catherine-de-Saint-Augustin-Bann-52.jpg","contentUrl":"https:\/\/pelerinagequebec.ca\/wp-content\/uploads\/2022\/06\/Marie-Catherine-de-Saint-Augustin-Bann-52.jpg","width":1280,"height":840},{"@type":"BreadcrumbList","@id":"https:\/\/pelerinagequebec.ca\/en\/our-saint-founders\/blessed-marie-catherine-de-saint-augustin\/#breadcrumb","itemListElement":[{"@type":"ListItem","position":1,"name":"Accueil","item":"https:\/\/pelerinagequebec.ca\/en\/"},{"@type":"ListItem","position":2,"name":"Our saint Founders","item":"https:\/\/pelerinagequebec.ca\/en\/our-saint-founders\/"},{"@type":"ListItem","position":3,"name":"Blessed Marie-Catherine de Saint-Augustin"}]},{"@type":"WebSite","@id":"https:\/\/pelerinagequebec.ca\/#website","url":"https:\/\/pelerinagequebec.ca\/","name":"P\u00e8lerinage Vieux-Qu\u00e9bec","description":"Un p\u00e8lerinage aux tombeaux des fondateurs de l\u2019\u00e9glise canadienne","publisher":{"@id":"https:\/\/pelerinagequebec.ca\/#organization"},"potentialAction":[{"@type":"SearchAction","target":{"@type":"EntryPoint","urlTemplate":"https:\/\/pelerinagequebec.ca\/?s={search_term_string}"},"query-input":{"@type":"PropertyValueSpecification","valueRequired":true,"valueName":"search_term_string"}}],"inLanguage":"en-US"},{"@type":"Organization","@id":"https:\/\/pelerinagequebec.ca\/#organization","name":"P\u00e8lerinage Vieux-Qu\u00e9bec","url":"https:\/\/pelerinagequebec.ca\/","logo":{"@type":"ImageObject","inLanguage":"en-US","@id":"https:\/\/pelerinagequebec.ca\/#\/schema\/logo\/image\/","url":"http:\/\/pelerinagequebec.ca\/wp-content\/uploads\/2022\/06\/Logo-transparent-hauteur-FRC.png","contentUrl":"http:\/\/pelerinagequebec.ca\/wp-content\/uploads\/2022\/06\/Logo-transparent-hauteur-FRC.png","width":609,"height":504,"caption":"P\u00e8lerinage Vieux-Qu\u00e9bec"},"image":{"@id":"https:\/\/pelerinagequebec.ca\/#\/schema\/logo\/image\/"}}]}},"_links":{"self":[{"href":"https:\/\/pelerinagequebec.ca\/en\/wp-json\/wp\/v2\/pages\/3642","targetHints":{"allow":["GET"]}}],"collection":[{"href":"https:\/\/pelerinagequebec.ca\/en\/wp-json\/wp\/v2\/pages"}],"about":[{"href":"https:\/\/pelerinagequebec.ca\/en\/wp-json\/wp\/v2\/types\/page"}],"author":[{"embeddable":true,"href":"https:\/\/pelerinagequebec.ca\/en\/wp-json\/wp\/v2\/users\/6"}],"replies":[{"embeddable":true,"href":"https:\/\/pelerinagequebec.ca\/en\/wp-json\/wp\/v2\/comments?post=3642"}],"version-history":[{"count":10,"href":"https:\/\/pelerinagequebec.ca\/en\/wp-json\/wp\/v2\/pages\/3642\/revisions"}],"predecessor-version":[{"id":4284,"href":"https:\/\/pelerinagequebec.ca\/en\/wp-json\/wp\/v2\/pages\/3642\/revisions\/4284"}],"up":[{"embeddable":true,"href":"https:\/\/pelerinagequebec.ca\/en\/wp-json\/wp\/v2\/pages\/3630"}],"wp:featuredmedia":[{"embeddable":true,"href":"https:\/\/pelerinagequebec.ca\/en\/wp-json\/wp\/v2\/media\/3590"}],"wp:attachment":[{"href":"https:\/\/pelerinagequebec.ca\/en\/wp-json\/wp\/v2\/media?parent=3642"}],"curies":[{"name":"wp","href":"https:\/\/api.w.org\/{rel}","templated":true}]}}