{"id":3641,"date":"2022-06-22T11:40:26","date_gmt":"2022-06-22T15:40:26","guid":{"rendered":"https:\/\/pelerinagequebec.ca\/nos-saints-fondateurs\/sainte-marie-de-lincarnation\/"},"modified":"2023-02-28T15:30:53","modified_gmt":"2023-02-28T20:30:53","slug":"saint-marie-de-lincarnation","status":"publish","type":"page","link":"https:\/\/pelerinagequebec.ca\/en\/our-saint-founders\/saint-marie-de-lincarnation\/","title":{"rendered":"Saint Marie de l&#8217;Incarnation"},"content":{"rendered":"","protected":false},"excerpt":{"rendered":"","protected":false},"author":6,"featured_media":3558,"parent":3630,"menu_order":19,"comment_status":"closed","ping_status":"closed","template":"","meta":{"_acf_changed":false,"footnotes":""},"class_list":["post-3641","page","type-page","status-publish","has-post-thumbnail","hentry"],"acf":[],"yoast_head":"<!-- This site is optimized with the Yoast SEO plugin v27.4 - https:\/\/yoast.com\/product\/yoast-seo-wordpress\/ -->\n<title>Saint Marie de l&#039;Incarnation - P\u00e8lerinage Vieux-Qu\u00e9bec<\/title>\n<meta name=\"description\" content=\"Saint Marie de l\u2019Incarnation (1599-1645) | Born in the French city of Tours, she founded the Monastery of the Ursulines of Quebec and the first school for young girls in North America.\" \/>\n<meta name=\"robots\" content=\"index, follow, max-snippet:-1, max-image-preview:large, max-video-preview:-1\" \/>\n<link rel=\"canonical\" href=\"https:\/\/pelerinagequebec.ca\/en\/our-saint-founders\/saint-marie-de-lincarnation\/\" \/>\n<meta property=\"og:locale\" content=\"en_US\" \/>\n<meta property=\"og:type\" content=\"article\" \/>\n<meta property=\"og:title\" content=\"Saint Marie de l&#039;Incarnation - P\u00e8lerinage Vieux-Qu\u00e9bec\" \/>\n<meta property=\"og:description\" content=\"Saint Marie de l\u2019Incarnation (1599-1645) | Born in the French city of Tours, she founded the Monastery of the Ursulines of Quebec and the first school for young girls in North America.\" \/>\n<meta property=\"og:url\" content=\"https:\/\/pelerinagequebec.ca\/en\/our-saint-founders\/saint-marie-de-lincarnation\/\" \/>\n<meta property=\"og:site_name\" content=\"P\u00e8lerinage Vieux-Qu\u00e9bec\" \/>\n<meta property=\"article:modified_time\" content=\"2023-02-28T20:30:53+00:00\" \/>\n<meta property=\"og:image\" content=\"https:\/\/pelerinagequebec.ca\/wp-content\/uploads\/2022\/06\/Marie-de-l-Incarnation-Arrivee_ursulines_augustines_quebec-pf.jpg\" \/>\n\t<meta property=\"og:image:width\" content=\"1500\" \/>\n\t<meta property=\"og:image:height\" content=\"984\" \/>\n\t<meta property=\"og:image:type\" content=\"image\/jpeg\" \/>\n<meta name=\"twitter:card\" content=\"summary_large_image\" \/>\n<script type=\"application\/ld+json\" class=\"yoast-schema-graph\">{\"@context\":\"https:\\\/\\\/schema.org\",\"@graph\":[{\"@type\":\"WebPage\",\"@id\":\"https:\\\/\\\/pelerinagequebec.ca\\\/en\\\/our-saint-founders\\\/saint-marie-de-lincarnation\\\/\",\"url\":\"https:\\\/\\\/pelerinagequebec.ca\\\/en\\\/our-saint-founders\\\/saint-marie-de-lincarnation\\\/\",\"name\":\"Saint Marie de l'Incarnation - P\u00e8lerinage Vieux-Qu\u00e9bec\",\"isPartOf\":{\"@id\":\"https:\\\/\\\/pelerinagequebec.ca\\\/#website\"},\"primaryImageOfPage\":{\"@id\":\"https:\\\/\\\/pelerinagequebec.ca\\\/en\\\/our-saint-founders\\\/saint-marie-de-lincarnation\\\/#primaryimage\"},\"image\":{\"@id\":\"https:\\\/\\\/pelerinagequebec.ca\\\/en\\\/our-saint-founders\\\/saint-marie-de-lincarnation\\\/#primaryimage\"},\"thumbnailUrl\":\"https:\\\/\\\/pelerinagequebec.ca\\\/wp-content\\\/uploads\\\/2022\\\/06\\\/Marie-de-l-Incarnation-Arrivee_ursulines_augustines_quebec-pf.jpg\",\"datePublished\":\"2022-06-22T15:40:26+00:00\",\"dateModified\":\"2023-02-28T20:30:53+00:00\",\"description\":\"Saint Marie de l\u2019Incarnation (1599-1645) | Born in the French city of Tours, she founded the Monastery of the Ursulines of Quebec and the first school for young girls in North America.\",\"breadcrumb\":{\"@id\":\"https:\\\/\\\/pelerinagequebec.ca\\\/en\\\/our-saint-founders\\\/saint-marie-de-lincarnation\\\/#breadcrumb\"},\"inLanguage\":\"en-US\",\"potentialAction\":[{\"@type\":\"ReadAction\",\"target\":[\"https:\\\/\\\/pelerinagequebec.ca\\\/en\\\/our-saint-founders\\\/saint-marie-de-lincarnation\\\/\"]}]},{\"@type\":\"ImageObject\",\"inLanguage\":\"en-US\",\"@id\":\"https:\\\/\\\/pelerinagequebec.ca\\\/en\\\/our-saint-founders\\\/saint-marie-de-lincarnation\\\/#primaryimage\",\"url\":\"https:\\\/\\\/pelerinagequebec.ca\\\/wp-content\\\/uploads\\\/2022\\\/06\\\/Marie-de-l-Incarnation-Arrivee_ursulines_augustines_quebec-pf.jpg\",\"contentUrl\":\"https:\\\/\\\/pelerinagequebec.ca\\\/wp-content\\\/uploads\\\/2022\\\/06\\\/Marie-de-l-Incarnation-Arrivee_ursulines_augustines_quebec-pf.jpg\",\"width\":1500,\"height\":984},{\"@type\":\"BreadcrumbList\",\"@id\":\"https:\\\/\\\/pelerinagequebec.ca\\\/en\\\/our-saint-founders\\\/saint-marie-de-lincarnation\\\/#breadcrumb\",\"itemListElement\":[{\"@type\":\"ListItem\",\"position\":1,\"name\":\"Accueil\",\"item\":\"https:\\\/\\\/pelerinagequebec.ca\\\/en\\\/\"},{\"@type\":\"ListItem\",\"position\":2,\"name\":\"Our saint Founders\",\"item\":\"https:\\\/\\\/pelerinagequebec.ca\\\/en\\\/our-saint-founders\\\/\"},{\"@type\":\"ListItem\",\"position\":3,\"name\":\"Saint Marie de l&rsquo;Incarnation\"}]},{\"@type\":\"WebSite\",\"@id\":\"https:\\\/\\\/pelerinagequebec.ca\\\/#website\",\"url\":\"https:\\\/\\\/pelerinagequebec.ca\\\/\",\"name\":\"P\u00e8lerinage Vieux-Qu\u00e9bec\",\"description\":\"Un p\u00e8lerinage aux tombeaux des fondateurs de l\u2019\u00e9glise canadienne\",\"publisher\":{\"@id\":\"https:\\\/\\\/pelerinagequebec.ca\\\/#organization\"},\"potentialAction\":[{\"@type\":\"SearchAction\",\"target\":{\"@type\":\"EntryPoint\",\"urlTemplate\":\"https:\\\/\\\/pelerinagequebec.ca\\\/?s={search_term_string}\"},\"query-input\":{\"@type\":\"PropertyValueSpecification\",\"valueRequired\":true,\"valueName\":\"search_term_string\"}}],\"inLanguage\":\"en-US\"},{\"@type\":\"Organization\",\"@id\":\"https:\\\/\\\/pelerinagequebec.ca\\\/#organization\",\"name\":\"P\u00e8lerinage Vieux-Qu\u00e9bec\",\"url\":\"https:\\\/\\\/pelerinagequebec.ca\\\/\",\"logo\":{\"@type\":\"ImageObject\",\"inLanguage\":\"en-US\",\"@id\":\"https:\\\/\\\/pelerinagequebec.ca\\\/#\\\/schema\\\/logo\\\/image\\\/\",\"url\":\"http:\\\/\\\/pelerinagequebec.ca\\\/wp-content\\\/uploads\\\/2022\\\/06\\\/Logo-transparent-hauteur-FRC.png\",\"contentUrl\":\"http:\\\/\\\/pelerinagequebec.ca\\\/wp-content\\\/uploads\\\/2022\\\/06\\\/Logo-transparent-hauteur-FRC.png\",\"width\":609,\"height\":504,\"caption\":\"P\u00e8lerinage Vieux-Qu\u00e9bec\"},\"image\":{\"@id\":\"https:\\\/\\\/pelerinagequebec.ca\\\/#\\\/schema\\\/logo\\\/image\\\/\"}}]}<\/script>\n<!-- \/ Yoast SEO plugin. -->","yoast_head_json":{"title":"Saint Marie de l'Incarnation - P\u00e8lerinage Vieux-Qu\u00e9bec","description":"Saint Marie de l\u2019Incarnation (1599-1645) | Born in the French city of Tours, she founded the Monastery of the Ursulines of Quebec and the first school for young girls in North America.","robots":{"index":"index","follow":"follow","max-snippet":"max-snippet:-1","max-image-preview":"max-image-preview:large","max-video-preview":"max-video-preview:-1"},"canonical":"https:\/\/pelerinagequebec.ca\/en\/our-saint-founders\/saint-marie-de-lincarnation\/","og_locale":"en_US","og_type":"article","og_title":"Saint Marie de l'Incarnation - P\u00e8lerinage Vieux-Qu\u00e9bec","og_description":"Saint Marie de l\u2019Incarnation (1599-1645) | Born in the French city of Tours, she founded the Monastery of the Ursulines of Quebec and the first school for young girls in North America.","og_url":"https:\/\/pelerinagequebec.ca\/en\/our-saint-founders\/saint-marie-de-lincarnation\/","og_site_name":"P\u00e8lerinage Vieux-Qu\u00e9bec","article_modified_time":"2023-02-28T20:30:53+00:00","og_image":[{"width":1500,"height":984,"url":"https:\/\/pelerinagequebec.ca\/wp-content\/uploads\/2022\/06\/Marie-de-l-Incarnation-Arrivee_ursulines_augustines_quebec-pf.jpg","type":"image\/jpeg"}],"twitter_card":"summary_large_image","schema":{"@context":"https:\/\/schema.org","@graph":[{"@type":"WebPage","@id":"https:\/\/pelerinagequebec.ca\/en\/our-saint-founders\/saint-marie-de-lincarnation\/","url":"https:\/\/pelerinagequebec.ca\/en\/our-saint-founders\/saint-marie-de-lincarnation\/","name":"Saint Marie de l'Incarnation - P\u00e8lerinage Vieux-Qu\u00e9bec","isPartOf":{"@id":"https:\/\/pelerinagequebec.ca\/#website"},"primaryImageOfPage":{"@id":"https:\/\/pelerinagequebec.ca\/en\/our-saint-founders\/saint-marie-de-lincarnation\/#primaryimage"},"image":{"@id":"https:\/\/pelerinagequebec.ca\/en\/our-saint-founders\/saint-marie-de-lincarnation\/#primaryimage"},"thumbnailUrl":"https:\/\/pelerinagequebec.ca\/wp-content\/uploads\/2022\/06\/Marie-de-l-Incarnation-Arrivee_ursulines_augustines_quebec-pf.jpg","datePublished":"2022-06-22T15:40:26+00:00","dateModified":"2023-02-28T20:30:53+00:00","description":"Saint Marie de l\u2019Incarnation (1599-1645) | Born in the French city of Tours, she founded the Monastery of the Ursulines of Quebec and the first school for young girls in North America.","breadcrumb":{"@id":"https:\/\/pelerinagequebec.ca\/en\/our-saint-founders\/saint-marie-de-lincarnation\/#breadcrumb"},"inLanguage":"en-US","potentialAction":[{"@type":"ReadAction","target":["https:\/\/pelerinagequebec.ca\/en\/our-saint-founders\/saint-marie-de-lincarnation\/"]}]},{"@type":"ImageObject","inLanguage":"en-US","@id":"https:\/\/pelerinagequebec.ca\/en\/our-saint-founders\/saint-marie-de-lincarnation\/#primaryimage","url":"https:\/\/pelerinagequebec.ca\/wp-content\/uploads\/2022\/06\/Marie-de-l-Incarnation-Arrivee_ursulines_augustines_quebec-pf.jpg","contentUrl":"https:\/\/pelerinagequebec.ca\/wp-content\/uploads\/2022\/06\/Marie-de-l-Incarnation-Arrivee_ursulines_augustines_quebec-pf.jpg","width":1500,"height":984},{"@type":"BreadcrumbList","@id":"https:\/\/pelerinagequebec.ca\/en\/our-saint-founders\/saint-marie-de-lincarnation\/#breadcrumb","itemListElement":[{"@type":"ListItem","position":1,"name":"Accueil","item":"https:\/\/pelerinagequebec.ca\/en\/"},{"@type":"ListItem","position":2,"name":"Our saint Founders","item":"https:\/\/pelerinagequebec.ca\/en\/our-saint-founders\/"},{"@type":"ListItem","position":3,"name":"Saint Marie de l&rsquo;Incarnation"}]},{"@type":"WebSite","@id":"https:\/\/pelerinagequebec.ca\/#website","url":"https:\/\/pelerinagequebec.ca\/","name":"P\u00e8lerinage Vieux-Qu\u00e9bec","description":"Un p\u00e8lerinage aux tombeaux des fondateurs de l\u2019\u00e9glise canadienne","publisher":{"@id":"https:\/\/pelerinagequebec.ca\/#organization"},"potentialAction":[{"@type":"SearchAction","target":{"@type":"EntryPoint","urlTemplate":"https:\/\/pelerinagequebec.ca\/?s={search_term_string}"},"query-input":{"@type":"PropertyValueSpecification","valueRequired":true,"valueName":"search_term_string"}}],"inLanguage":"en-US"},{"@type":"Organization","@id":"https:\/\/pelerinagequebec.ca\/#organization","name":"P\u00e8lerinage Vieux-Qu\u00e9bec","url":"https:\/\/pelerinagequebec.ca\/","logo":{"@type":"ImageObject","inLanguage":"en-US","@id":"https:\/\/pelerinagequebec.ca\/#\/schema\/logo\/image\/","url":"http:\/\/pelerinagequebec.ca\/wp-content\/uploads\/2022\/06\/Logo-transparent-hauteur-FRC.png","contentUrl":"http:\/\/pelerinagequebec.ca\/wp-content\/uploads\/2022\/06\/Logo-transparent-hauteur-FRC.png","width":609,"height":504,"caption":"P\u00e8lerinage Vieux-Qu\u00e9bec"},"image":{"@id":"https:\/\/pelerinagequebec.ca\/#\/schema\/logo\/image\/"}}]}},"_links":{"self":[{"href":"https:\/\/pelerinagequebec.ca\/en\/wp-json\/wp\/v2\/pages\/3641","targetHints":{"allow":["GET"]}}],"collection":[{"href":"https:\/\/pelerinagequebec.ca\/en\/wp-json\/wp\/v2\/pages"}],"about":[{"href":"https:\/\/pelerinagequebec.ca\/en\/wp-json\/wp\/v2\/types\/page"}],"author":[{"embeddable":true,"href":"https:\/\/pelerinagequebec.ca\/en\/wp-json\/wp\/v2\/users\/6"}],"replies":[{"embeddable":true,"href":"https:\/\/pelerinagequebec.ca\/en\/wp-json\/wp\/v2\/comments?post=3641"}],"version-history":[{"count":11,"href":"https:\/\/pelerinagequebec.ca\/en\/wp-json\/wp\/v2\/pages\/3641\/revisions"}],"predecessor-version":[{"id":4282,"href":"https:\/\/pelerinagequebec.ca\/en\/wp-json\/wp\/v2\/pages\/3641\/revisions\/4282"}],"up":[{"embeddable":true,"href":"https:\/\/pelerinagequebec.ca\/en\/wp-json\/wp\/v2\/pages\/3630"}],"wp:featuredmedia":[{"embeddable":true,"href":"https:\/\/pelerinagequebec.ca\/en\/wp-json\/wp\/v2\/media\/3558"}],"wp:attachment":[{"href":"https:\/\/pelerinagequebec.ca\/en\/wp-json\/wp\/v2\/media?parent=3641"}],"curies":[{"name":"wp","href":"https:\/\/api.w.org\/{rel}","templated":true}]}}