{"id":3640,"date":"2022-06-22T15:34:03","date_gmt":"2022-06-22T19:34:03","guid":{"rendered":"https:\/\/pelerinagequebec.ca\/les-sites-religieux\/centre-marie-de-lincarnation\/"},"modified":"2023-02-28T15:03:37","modified_gmt":"2023-02-28T20:03:37","slug":"centre-marie-de-lincarnation","status":"publish","type":"page","link":"https:\/\/pelerinagequebec.ca\/en\/religious-landmarks\/centre-marie-de-lincarnation\/","title":{"rendered":"Centre Marie-de-l&#8217;Incarnation"},"content":{"rendered":"<h2>An encounter with an exceptional woman: Marie Guyart de l\u2019Incarnation<\/h2>\n<p>The <strong>Centre Marie-de-l\u2019Incarnation<\/strong> is a spiritual environment focusing on making better known the life and work of its foundress, Marie Guyart de l\u2019Incarnation, wife, mother, businesswoman, nun, teacher, writer, but above all a lover of God, whom she called &#8220;my divine Spouse&#8221;. The story of Marie Guyart de l\u2019Incarnation is told to the visitors by passionate guides, using watercolors painted by the Ursuline Sister Louise Godin.<\/p>\n<p>The visitor will also have access to our most precious spiritual treasures: the rosary belonging to Saint Marie de l&#8217;Incarnation, early editions of her personal letters (1681), and various edifying objects such as a 17th-century Missal.<\/p>\n<p>The visitor will also be able to travel through time while admiring a model of the monastery in its successive stages of expansion. The visitor can also admire the original side fa\u00e7ade and the elementary school, still active 380 years after it opened.<\/p>\n<p>Under the supervision of the Canadian Union of the Ursulines, in collaboration with a small group of lay persons, the Centre welcomes visitors of all background, beliefs and spiritual quests in order that they may discover the historical importance of Marie Guyart de l\u2019Incarnation and her rich interior life.<\/p>\n<p>&nbsp;<\/p>\n<h3><img loading=\"lazy\" decoding=\"async\" class=\"alignnone wp-image-2705 size-full\" src=\"https:\/\/pelerinagequebec.ca\/wp-content\/uploads\/2022\/06\/Centre-Marie-de-l-Incarnation_chapelle_ABL0134-pf.jpg\" alt=\"\" width=\"1200\" height=\"694\" \/><\/h3>\n<h3>Praying in the chapel of the Ursulines, a rare treasure from the first half of the 18<sup>th<\/sup> century<\/h3>\n<p>\u201cTogether with the talented sculptors of the Levasseur family, the Ursuline community, preoccupied with the education of the faith, have achieved, using local wood, an exceptional result. (&#8230;)<\/p>\n<p>This masterwork, more than three centuries old, underwent many vicissitudes, since the first chapel had to be demolished and rebuilt at the beginning of the previous century. With the utmost care, the original sculpted interior was kept intact after the new construction in 1902. Thus, this ancient jewel of the Qu\u00e9bec decorative art maintains today its splendor in the chapel.\u201d<\/p>\n<p><span style=\"font-size: 12pt;\">Marguerite Ch\u00e9nard, o.s.u. pr\u00e9face de <em>La chapelle des Ursulines de Qu\u00e9bec<\/em><\/span><\/p>\n<p>&nbsp;<\/p>\n","protected":false},"excerpt":{"rendered":"<p>An encounter with an exceptional woman: Marie Guyart de l\u2019Incarnation The Centre Marie-de-l\u2019Incarnation is a spiritual environment focusing on making&#8230;<\/p>\n","protected":false},"author":6,"featured_media":3567,"parent":3629,"menu_order":12,"comment_status":"closed","ping_status":"closed","template":"","meta":{"_acf_changed":false,"footnotes":""},"class_list":["post-3640","page","type-page","status-publish","has-post-thumbnail","hentry"],"acf":[],"yoast_head":"<!-- This site is optimized with the Yoast SEO plugin v27.4 - https:\/\/yoast.com\/product\/yoast-seo-wordpress\/ -->\n<title>Centre Marie-de-l&#039;Incarnation - P\u00e8lerinage Vieux-Qu\u00e9bec<\/title>\n<meta name=\"description\" content=\"The Centre Marie-de-l\u2019Incarnation is a place of spirituality dedicated to making known the life and work of our founder, Marie Guyart de l\u2019Incarnation, a mother, a businesswoman, a nun, an educator, a writer, but mostly a lover of God.\" \/>\n<meta name=\"robots\" content=\"index, follow, max-snippet:-1, max-image-preview:large, max-video-preview:-1\" \/>\n<link rel=\"canonical\" href=\"https:\/\/pelerinagequebec.ca\/en\/religious-landmarks\/centre-marie-de-lincarnation\/\" \/>\n<meta property=\"og:locale\" content=\"en_US\" \/>\n<meta property=\"og:type\" content=\"article\" \/>\n<meta property=\"og:title\" content=\"Centre Marie-de-l&#039;Incarnation - P\u00e8lerinage Vieux-Qu\u00e9bec\" \/>\n<meta property=\"og:description\" content=\"The Centre Marie-de-l\u2019Incarnation is a place of spirituality dedicated to making known the life and work of our founder, Marie Guyart de l\u2019Incarnation, a mother, a businesswoman, a nun, an educator, a writer, but mostly a lover of God.\" \/>\n<meta property=\"og:url\" content=\"https:\/\/pelerinagequebec.ca\/en\/religious-landmarks\/centre-marie-de-lincarnation\/\" \/>\n<meta property=\"og:site_name\" content=\"P\u00e8lerinage Vieux-Qu\u00e9bec\" \/>\n<meta property=\"article:modified_time\" content=\"2023-02-28T20:03:37+00:00\" \/>\n<meta property=\"og:image\" content=\"https:\/\/pelerinagequebec.ca\/wp-content\/uploads\/2022\/06\/Centre-Marie-de-l-Incarnation-FDA-1_33N8499-pf.jpg\" \/>\n\t<meta property=\"og:image:width\" content=\"1280\" \/>\n\t<meta property=\"og:image:height\" content=\"840\" \/>\n\t<meta property=\"og:image:type\" content=\"image\/jpeg\" \/>\n<meta name=\"twitter:card\" content=\"summary_large_image\" \/>\n<meta name=\"twitter:label1\" content=\"Est. reading time\" \/>\n\t<meta name=\"twitter:data1\" content=\"2 minutes\" \/>\n<script type=\"application\/ld+json\" class=\"yoast-schema-graph\">{\"@context\":\"https:\\\/\\\/schema.org\",\"@graph\":[{\"@type\":\"WebPage\",\"@id\":\"https:\\\/\\\/pelerinagequebec.ca\\\/en\\\/religious-landmarks\\\/centre-marie-de-lincarnation\\\/\",\"url\":\"https:\\\/\\\/pelerinagequebec.ca\\\/en\\\/religious-landmarks\\\/centre-marie-de-lincarnation\\\/\",\"name\":\"Centre Marie-de-l'Incarnation - P\u00e8lerinage Vieux-Qu\u00e9bec\",\"isPartOf\":{\"@id\":\"https:\\\/\\\/pelerinagequebec.ca\\\/#website\"},\"primaryImageOfPage\":{\"@id\":\"https:\\\/\\\/pelerinagequebec.ca\\\/en\\\/religious-landmarks\\\/centre-marie-de-lincarnation\\\/#primaryimage\"},\"image\":{\"@id\":\"https:\\\/\\\/pelerinagequebec.ca\\\/en\\\/religious-landmarks\\\/centre-marie-de-lincarnation\\\/#primaryimage\"},\"thumbnailUrl\":\"https:\\\/\\\/pelerinagequebec.ca\\\/wp-content\\\/uploads\\\/2022\\\/06\\\/Centre-Marie-de-l-Incarnation-FDA-1_33N8499-pf.jpg\",\"datePublished\":\"2022-06-22T19:34:03+00:00\",\"dateModified\":\"2023-02-28T20:03:37+00:00\",\"description\":\"The Centre Marie-de-l\u2019Incarnation is a place of spirituality dedicated to making known the life and work of our founder, Marie Guyart de l\u2019Incarnation, a mother, a businesswoman, a nun, an educator, a writer, but mostly a lover of God.\",\"breadcrumb\":{\"@id\":\"https:\\\/\\\/pelerinagequebec.ca\\\/en\\\/religious-landmarks\\\/centre-marie-de-lincarnation\\\/#breadcrumb\"},\"inLanguage\":\"en-US\",\"potentialAction\":[{\"@type\":\"ReadAction\",\"target\":[\"https:\\\/\\\/pelerinagequebec.ca\\\/en\\\/religious-landmarks\\\/centre-marie-de-lincarnation\\\/\"]}]},{\"@type\":\"ImageObject\",\"inLanguage\":\"en-US\",\"@id\":\"https:\\\/\\\/pelerinagequebec.ca\\\/en\\\/religious-landmarks\\\/centre-marie-de-lincarnation\\\/#primaryimage\",\"url\":\"https:\\\/\\\/pelerinagequebec.ca\\\/wp-content\\\/uploads\\\/2022\\\/06\\\/Centre-Marie-de-l-Incarnation-FDA-1_33N8499-pf.jpg\",\"contentUrl\":\"https:\\\/\\\/pelerinagequebec.ca\\\/wp-content\\\/uploads\\\/2022\\\/06\\\/Centre-Marie-de-l-Incarnation-FDA-1_33N8499-pf.jpg\",\"width\":1280,\"height\":840},{\"@type\":\"BreadcrumbList\",\"@id\":\"https:\\\/\\\/pelerinagequebec.ca\\\/en\\\/religious-landmarks\\\/centre-marie-de-lincarnation\\\/#breadcrumb\",\"itemListElement\":[{\"@type\":\"ListItem\",\"position\":1,\"name\":\"Accueil\",\"item\":\"https:\\\/\\\/pelerinagequebec.ca\\\/en\\\/\"},{\"@type\":\"ListItem\",\"position\":2,\"name\":\"Religious landmarks\",\"item\":\"https:\\\/\\\/pelerinagequebec.ca\\\/en\\\/religious-landmarks\\\/\"},{\"@type\":\"ListItem\",\"position\":3,\"name\":\"Centre Marie-de-l&rsquo;Incarnation\"}]},{\"@type\":\"WebSite\",\"@id\":\"https:\\\/\\\/pelerinagequebec.ca\\\/#website\",\"url\":\"https:\\\/\\\/pelerinagequebec.ca\\\/\",\"name\":\"P\u00e8lerinage Vieux-Qu\u00e9bec\",\"description\":\"Un p\u00e8lerinage aux tombeaux des fondateurs de l\u2019\u00e9glise canadienne\",\"publisher\":{\"@id\":\"https:\\\/\\\/pelerinagequebec.ca\\\/#organization\"},\"potentialAction\":[{\"@type\":\"SearchAction\",\"target\":{\"@type\":\"EntryPoint\",\"urlTemplate\":\"https:\\\/\\\/pelerinagequebec.ca\\\/?s={search_term_string}\"},\"query-input\":{\"@type\":\"PropertyValueSpecification\",\"valueRequired\":true,\"valueName\":\"search_term_string\"}}],\"inLanguage\":\"en-US\"},{\"@type\":\"Organization\",\"@id\":\"https:\\\/\\\/pelerinagequebec.ca\\\/#organization\",\"name\":\"P\u00e8lerinage Vieux-Qu\u00e9bec\",\"url\":\"https:\\\/\\\/pelerinagequebec.ca\\\/\",\"logo\":{\"@type\":\"ImageObject\",\"inLanguage\":\"en-US\",\"@id\":\"https:\\\/\\\/pelerinagequebec.ca\\\/#\\\/schema\\\/logo\\\/image\\\/\",\"url\":\"http:\\\/\\\/pelerinagequebec.ca\\\/wp-content\\\/uploads\\\/2022\\\/06\\\/Logo-transparent-hauteur-FRC.png\",\"contentUrl\":\"http:\\\/\\\/pelerinagequebec.ca\\\/wp-content\\\/uploads\\\/2022\\\/06\\\/Logo-transparent-hauteur-FRC.png\",\"width\":609,\"height\":504,\"caption\":\"P\u00e8lerinage Vieux-Qu\u00e9bec\"},\"image\":{\"@id\":\"https:\\\/\\\/pelerinagequebec.ca\\\/#\\\/schema\\\/logo\\\/image\\\/\"}}]}<\/script>\n<!-- \/ Yoast SEO plugin. -->","yoast_head_json":{"title":"Centre Marie-de-l'Incarnation - P\u00e8lerinage Vieux-Qu\u00e9bec","description":"The Centre Marie-de-l\u2019Incarnation is a place of spirituality dedicated to making known the life and work of our founder, Marie Guyart de l\u2019Incarnation, a mother, a businesswoman, a nun, an educator, a writer, but mostly a lover of God.","robots":{"index":"index","follow":"follow","max-snippet":"max-snippet:-1","max-image-preview":"max-image-preview:large","max-video-preview":"max-video-preview:-1"},"canonical":"https:\/\/pelerinagequebec.ca\/en\/religious-landmarks\/centre-marie-de-lincarnation\/","og_locale":"en_US","og_type":"article","og_title":"Centre Marie-de-l'Incarnation - P\u00e8lerinage Vieux-Qu\u00e9bec","og_description":"The Centre Marie-de-l\u2019Incarnation is a place of spirituality dedicated to making known the life and work of our founder, Marie Guyart de l\u2019Incarnation, a mother, a businesswoman, a nun, an educator, a writer, but mostly a lover of God.","og_url":"https:\/\/pelerinagequebec.ca\/en\/religious-landmarks\/centre-marie-de-lincarnation\/","og_site_name":"P\u00e8lerinage Vieux-Qu\u00e9bec","article_modified_time":"2023-02-28T20:03:37+00:00","og_image":[{"width":1280,"height":840,"url":"https:\/\/pelerinagequebec.ca\/wp-content\/uploads\/2022\/06\/Centre-Marie-de-l-Incarnation-FDA-1_33N8499-pf.jpg","type":"image\/jpeg"}],"twitter_card":"summary_large_image","twitter_misc":{"Est. reading time":"2 minutes"},"schema":{"@context":"https:\/\/schema.org","@graph":[{"@type":"WebPage","@id":"https:\/\/pelerinagequebec.ca\/en\/religious-landmarks\/centre-marie-de-lincarnation\/","url":"https:\/\/pelerinagequebec.ca\/en\/religious-landmarks\/centre-marie-de-lincarnation\/","name":"Centre Marie-de-l'Incarnation - P\u00e8lerinage Vieux-Qu\u00e9bec","isPartOf":{"@id":"https:\/\/pelerinagequebec.ca\/#website"},"primaryImageOfPage":{"@id":"https:\/\/pelerinagequebec.ca\/en\/religious-landmarks\/centre-marie-de-lincarnation\/#primaryimage"},"image":{"@id":"https:\/\/pelerinagequebec.ca\/en\/religious-landmarks\/centre-marie-de-lincarnation\/#primaryimage"},"thumbnailUrl":"https:\/\/pelerinagequebec.ca\/wp-content\/uploads\/2022\/06\/Centre-Marie-de-l-Incarnation-FDA-1_33N8499-pf.jpg","datePublished":"2022-06-22T19:34:03+00:00","dateModified":"2023-02-28T20:03:37+00:00","description":"The Centre Marie-de-l\u2019Incarnation is a place of spirituality dedicated to making known the life and work of our founder, Marie Guyart de l\u2019Incarnation, a mother, a businesswoman, a nun, an educator, a writer, but mostly a lover of God.","breadcrumb":{"@id":"https:\/\/pelerinagequebec.ca\/en\/religious-landmarks\/centre-marie-de-lincarnation\/#breadcrumb"},"inLanguage":"en-US","potentialAction":[{"@type":"ReadAction","target":["https:\/\/pelerinagequebec.ca\/en\/religious-landmarks\/centre-marie-de-lincarnation\/"]}]},{"@type":"ImageObject","inLanguage":"en-US","@id":"https:\/\/pelerinagequebec.ca\/en\/religious-landmarks\/centre-marie-de-lincarnation\/#primaryimage","url":"https:\/\/pelerinagequebec.ca\/wp-content\/uploads\/2022\/06\/Centre-Marie-de-l-Incarnation-FDA-1_33N8499-pf.jpg","contentUrl":"https:\/\/pelerinagequebec.ca\/wp-content\/uploads\/2022\/06\/Centre-Marie-de-l-Incarnation-FDA-1_33N8499-pf.jpg","width":1280,"height":840},{"@type":"BreadcrumbList","@id":"https:\/\/pelerinagequebec.ca\/en\/religious-landmarks\/centre-marie-de-lincarnation\/#breadcrumb","itemListElement":[{"@type":"ListItem","position":1,"name":"Accueil","item":"https:\/\/pelerinagequebec.ca\/en\/"},{"@type":"ListItem","position":2,"name":"Religious landmarks","item":"https:\/\/pelerinagequebec.ca\/en\/religious-landmarks\/"},{"@type":"ListItem","position":3,"name":"Centre Marie-de-l&rsquo;Incarnation"}]},{"@type":"WebSite","@id":"https:\/\/pelerinagequebec.ca\/#website","url":"https:\/\/pelerinagequebec.ca\/","name":"P\u00e8lerinage Vieux-Qu\u00e9bec","description":"Un p\u00e8lerinage aux tombeaux des fondateurs de l\u2019\u00e9glise canadienne","publisher":{"@id":"https:\/\/pelerinagequebec.ca\/#organization"},"potentialAction":[{"@type":"SearchAction","target":{"@type":"EntryPoint","urlTemplate":"https:\/\/pelerinagequebec.ca\/?s={search_term_string}"},"query-input":{"@type":"PropertyValueSpecification","valueRequired":true,"valueName":"search_term_string"}}],"inLanguage":"en-US"},{"@type":"Organization","@id":"https:\/\/pelerinagequebec.ca\/#organization","name":"P\u00e8lerinage Vieux-Qu\u00e9bec","url":"https:\/\/pelerinagequebec.ca\/","logo":{"@type":"ImageObject","inLanguage":"en-US","@id":"https:\/\/pelerinagequebec.ca\/#\/schema\/logo\/image\/","url":"http:\/\/pelerinagequebec.ca\/wp-content\/uploads\/2022\/06\/Logo-transparent-hauteur-FRC.png","contentUrl":"http:\/\/pelerinagequebec.ca\/wp-content\/uploads\/2022\/06\/Logo-transparent-hauteur-FRC.png","width":609,"height":504,"caption":"P\u00e8lerinage Vieux-Qu\u00e9bec"},"image":{"@id":"https:\/\/pelerinagequebec.ca\/#\/schema\/logo\/image\/"}}]}},"_links":{"self":[{"href":"https:\/\/pelerinagequebec.ca\/en\/wp-json\/wp\/v2\/pages\/3640","targetHints":{"allow":["GET"]}}],"collection":[{"href":"https:\/\/pelerinagequebec.ca\/en\/wp-json\/wp\/v2\/pages"}],"about":[{"href":"https:\/\/pelerinagequebec.ca\/en\/wp-json\/wp\/v2\/types\/page"}],"author":[{"embeddable":true,"href":"https:\/\/pelerinagequebec.ca\/en\/wp-json\/wp\/v2\/users\/6"}],"replies":[{"embeddable":true,"href":"https:\/\/pelerinagequebec.ca\/en\/wp-json\/wp\/v2\/comments?post=3640"}],"version-history":[{"count":14,"href":"https:\/\/pelerinagequebec.ca\/en\/wp-json\/wp\/v2\/pages\/3640\/revisions"}],"predecessor-version":[{"id":4276,"href":"https:\/\/pelerinagequebec.ca\/en\/wp-json\/wp\/v2\/pages\/3640\/revisions\/4276"}],"up":[{"embeddable":true,"href":"https:\/\/pelerinagequebec.ca\/en\/wp-json\/wp\/v2\/pages\/3629"}],"wp:featuredmedia":[{"embeddable":true,"href":"https:\/\/pelerinagequebec.ca\/en\/wp-json\/wp\/v2\/media\/3567"}],"wp:attachment":[{"href":"https:\/\/pelerinagequebec.ca\/en\/wp-json\/wp\/v2\/media?parent=3640"}],"curies":[{"name":"wp","href":"https:\/\/api.w.org\/{rel}","templated":true}]}}