{"id":3639,"date":"2022-06-22T12:21:30","date_gmt":"2022-06-22T16:21:30","guid":{"rendered":"https:\/\/pelerinagequebec.ca\/les-sites-religieux\/centre-catherine-de-saint-augustin\/"},"modified":"2023-02-28T14:51:36","modified_gmt":"2023-02-28T19:51:36","slug":"centre-catherine-de-saint-augustin","status":"publish","type":"page","link":"https:\/\/pelerinagequebec.ca\/en\/religious-landmarks\/centre-catherine-de-saint-augustin\/","title":{"rendered":"Centre Catherine-de-Saint-Augustin"},"content":{"rendered":"<h2>To be inspired and strengthened by the example of Catherine de Saint-Augustin, a young missionary woman with a a fervent heart<\/h2>\n<p>The <strong>Centre Catherine-de-Saint-Augustin<\/strong> is a spiritual place dedicated to promoting and making better known the spiritual heritage of this Augustinian nun who became a co-founder of the Canadian Church. It is located inside the Monast\u00e8re des Augustines (Augustinian Monastery).<\/p>\n<p>Touring it, the visitor will be guided on the path taken by <a href=\"https:\/\/pelerinagequebec.ca\/en\/our-saint-founders\/blessed-marie-catherine-de-saint-augustin\/\">Blessed Catherine de Saint-Augustin<\/a>, allowing for the discovery of several aspects of this heroic Hospitaler nun who, quite young, gave all of her life for the wellbeing of all those around her, physically, emotionally as well as spiritually.<\/p>\n<p>The visitor is therefore invited to explore the vicinity of the historical chapel and inside where can be found the reliquary containing all the bones of the blessed.<\/p>\n<p>Managed by the <a href=\"https:\/\/www.augustines.org\/\" target=\"_blank\" rel=\"noopener\">Augustines de la Mis\u00e9ricorde de J\u00e9sus<\/a>, helped by a small number of lay people, the Centre respectfully welcomes visitors from everywhere, with their diverse beliefs and cultures, who wish to be inspired by the life of one the Natives called <em>lakonikonriiostha<\/em>, meaning &#8220;One who makes the inside more beautiful&#8221;.<\/p>\n<p>&nbsp;<\/p>\n<h3><img loading=\"lazy\" decoding=\"async\" class=\"alignnone wp-image-2711 size-full\" src=\"https:\/\/pelerinagequebec.ca\/wp-content\/uploads\/2022\/06\/Centre-catherine-de-saint-augustin_33E7763-pf.jpeg\" alt=\"\" width=\"1200\" height=\"799\" \/><\/h3>\n<p><a href=\"https:\/\/pelerinagequebec.ca\/en\/nos-saints-fondateurs\/bienheureuse-marie-catherine-de-saint-augustin\/\"><span class=\"button\">Catherine de Saint-Augustin<\/span><\/a><\/p>\n<p>&nbsp;<\/p>\n","protected":false},"excerpt":{"rendered":"<p>To be inspired and strengthened by the example of Catherine de Saint-Augustin, a young missionary woman with a a fervent&#8230;<\/p>\n","protected":false},"author":6,"featured_media":3593,"parent":3629,"menu_order":9,"comment_status":"closed","ping_status":"closed","template":"","meta":{"_acf_changed":false,"footnotes":""},"class_list":["post-3639","page","type-page","status-publish","has-post-thumbnail","hentry"],"acf":[],"yoast_head":"<!-- This site is optimized with the Yoast SEO plugin v27.4 - https:\/\/yoast.com\/product\/yoast-seo-wordpress\/ -->\n<title>Centre Catherine-de-Saint-Augustin - P\u00e8lerinage Vieux-Qu\u00e9bec<\/title>\n<meta name=\"description\" content=\"The Centre Catherine-de-Saint-Augustin is a place of spirituality dedicated to making known and spreading the spiritual heritage of the Augustinian nun, a co-founder of the Canadian Church.\" \/>\n<meta name=\"robots\" content=\"index, follow, max-snippet:-1, max-image-preview:large, max-video-preview:-1\" \/>\n<link rel=\"canonical\" href=\"https:\/\/pelerinagequebec.ca\/en\/religious-landmarks\/centre-catherine-de-saint-augustin\/\" \/>\n<meta property=\"og:locale\" content=\"en_US\" \/>\n<meta property=\"og:type\" content=\"article\" \/>\n<meta property=\"og:title\" content=\"Centre Catherine-de-Saint-Augustin - P\u00e8lerinage Vieux-Qu\u00e9bec\" \/>\n<meta property=\"og:description\" content=\"The Centre Catherine-de-Saint-Augustin is a place of spirituality dedicated to making known and spreading the spiritual heritage of the Augustinian nun, a co-founder of the Canadian Church.\" \/>\n<meta property=\"og:url\" content=\"https:\/\/pelerinagequebec.ca\/en\/religious-landmarks\/centre-catherine-de-saint-augustin\/\" \/>\n<meta property=\"og:site_name\" content=\"P\u00e8lerinage Vieux-Qu\u00e9bec\" \/>\n<meta property=\"article:modified_time\" content=\"2023-02-28T19:51:36+00:00\" \/>\n<meta property=\"og:image\" content=\"https:\/\/pelerinagequebec.ca\/wp-content\/uploads\/2022\/06\/Centre-catherine-de-saint-augustin_bann_33E7781-pf.jpg\" \/>\n\t<meta property=\"og:image:width\" content=\"1280\" \/>\n\t<meta property=\"og:image:height\" content=\"840\" \/>\n\t<meta property=\"og:image:type\" content=\"image\/jpeg\" \/>\n<meta name=\"twitter:card\" content=\"summary_large_image\" \/>\n<meta name=\"twitter:label1\" content=\"Est. reading time\" \/>\n\t<meta name=\"twitter:data1\" content=\"2 minutes\" \/>\n<script type=\"application\/ld+json\" class=\"yoast-schema-graph\">{\"@context\":\"https:\\\/\\\/schema.org\",\"@graph\":[{\"@type\":\"WebPage\",\"@id\":\"https:\\\/\\\/pelerinagequebec.ca\\\/en\\\/religious-landmarks\\\/centre-catherine-de-saint-augustin\\\/\",\"url\":\"https:\\\/\\\/pelerinagequebec.ca\\\/en\\\/religious-landmarks\\\/centre-catherine-de-saint-augustin\\\/\",\"name\":\"Centre Catherine-de-Saint-Augustin - P\u00e8lerinage Vieux-Qu\u00e9bec\",\"isPartOf\":{\"@id\":\"https:\\\/\\\/pelerinagequebec.ca\\\/#website\"},\"primaryImageOfPage\":{\"@id\":\"https:\\\/\\\/pelerinagequebec.ca\\\/en\\\/religious-landmarks\\\/centre-catherine-de-saint-augustin\\\/#primaryimage\"},\"image\":{\"@id\":\"https:\\\/\\\/pelerinagequebec.ca\\\/en\\\/religious-landmarks\\\/centre-catherine-de-saint-augustin\\\/#primaryimage\"},\"thumbnailUrl\":\"https:\\\/\\\/pelerinagequebec.ca\\\/wp-content\\\/uploads\\\/2022\\\/06\\\/Centre-catherine-de-saint-augustin_bann_33E7781-pf.jpg\",\"datePublished\":\"2022-06-22T16:21:30+00:00\",\"dateModified\":\"2023-02-28T19:51:36+00:00\",\"description\":\"The Centre Catherine-de-Saint-Augustin is a place of spirituality dedicated to making known and spreading the spiritual heritage of the Augustinian nun, a co-founder of the Canadian Church.\",\"breadcrumb\":{\"@id\":\"https:\\\/\\\/pelerinagequebec.ca\\\/en\\\/religious-landmarks\\\/centre-catherine-de-saint-augustin\\\/#breadcrumb\"},\"inLanguage\":\"en-US\",\"potentialAction\":[{\"@type\":\"ReadAction\",\"target\":[\"https:\\\/\\\/pelerinagequebec.ca\\\/en\\\/religious-landmarks\\\/centre-catherine-de-saint-augustin\\\/\"]}]},{\"@type\":\"ImageObject\",\"inLanguage\":\"en-US\",\"@id\":\"https:\\\/\\\/pelerinagequebec.ca\\\/en\\\/religious-landmarks\\\/centre-catherine-de-saint-augustin\\\/#primaryimage\",\"url\":\"https:\\\/\\\/pelerinagequebec.ca\\\/wp-content\\\/uploads\\\/2022\\\/06\\\/Centre-catherine-de-saint-augustin_bann_33E7781-pf.jpg\",\"contentUrl\":\"https:\\\/\\\/pelerinagequebec.ca\\\/wp-content\\\/uploads\\\/2022\\\/06\\\/Centre-catherine-de-saint-augustin_bann_33E7781-pf.jpg\",\"width\":1280,\"height\":840},{\"@type\":\"BreadcrumbList\",\"@id\":\"https:\\\/\\\/pelerinagequebec.ca\\\/en\\\/religious-landmarks\\\/centre-catherine-de-saint-augustin\\\/#breadcrumb\",\"itemListElement\":[{\"@type\":\"ListItem\",\"position\":1,\"name\":\"Accueil\",\"item\":\"https:\\\/\\\/pelerinagequebec.ca\\\/en\\\/\"},{\"@type\":\"ListItem\",\"position\":2,\"name\":\"Religious landmarks\",\"item\":\"https:\\\/\\\/pelerinagequebec.ca\\\/en\\\/religious-landmarks\\\/\"},{\"@type\":\"ListItem\",\"position\":3,\"name\":\"Centre Catherine-de-Saint-Augustin\"}]},{\"@type\":\"WebSite\",\"@id\":\"https:\\\/\\\/pelerinagequebec.ca\\\/#website\",\"url\":\"https:\\\/\\\/pelerinagequebec.ca\\\/\",\"name\":\"P\u00e8lerinage Vieux-Qu\u00e9bec\",\"description\":\"Un p\u00e8lerinage aux tombeaux des fondateurs de l\u2019\u00e9glise canadienne\",\"publisher\":{\"@id\":\"https:\\\/\\\/pelerinagequebec.ca\\\/#organization\"},\"potentialAction\":[{\"@type\":\"SearchAction\",\"target\":{\"@type\":\"EntryPoint\",\"urlTemplate\":\"https:\\\/\\\/pelerinagequebec.ca\\\/?s={search_term_string}\"},\"query-input\":{\"@type\":\"PropertyValueSpecification\",\"valueRequired\":true,\"valueName\":\"search_term_string\"}}],\"inLanguage\":\"en-US\"},{\"@type\":\"Organization\",\"@id\":\"https:\\\/\\\/pelerinagequebec.ca\\\/#organization\",\"name\":\"P\u00e8lerinage Vieux-Qu\u00e9bec\",\"url\":\"https:\\\/\\\/pelerinagequebec.ca\\\/\",\"logo\":{\"@type\":\"ImageObject\",\"inLanguage\":\"en-US\",\"@id\":\"https:\\\/\\\/pelerinagequebec.ca\\\/#\\\/schema\\\/logo\\\/image\\\/\",\"url\":\"http:\\\/\\\/pelerinagequebec.ca\\\/wp-content\\\/uploads\\\/2022\\\/06\\\/Logo-transparent-hauteur-FRC.png\",\"contentUrl\":\"http:\\\/\\\/pelerinagequebec.ca\\\/wp-content\\\/uploads\\\/2022\\\/06\\\/Logo-transparent-hauteur-FRC.png\",\"width\":609,\"height\":504,\"caption\":\"P\u00e8lerinage Vieux-Qu\u00e9bec\"},\"image\":{\"@id\":\"https:\\\/\\\/pelerinagequebec.ca\\\/#\\\/schema\\\/logo\\\/image\\\/\"}}]}<\/script>\n<!-- \/ Yoast SEO plugin. -->","yoast_head_json":{"title":"Centre Catherine-de-Saint-Augustin - P\u00e8lerinage Vieux-Qu\u00e9bec","description":"The Centre Catherine-de-Saint-Augustin is a place of spirituality dedicated to making known and spreading the spiritual heritage of the Augustinian nun, a co-founder of the Canadian Church.","robots":{"index":"index","follow":"follow","max-snippet":"max-snippet:-1","max-image-preview":"max-image-preview:large","max-video-preview":"max-video-preview:-1"},"canonical":"https:\/\/pelerinagequebec.ca\/en\/religious-landmarks\/centre-catherine-de-saint-augustin\/","og_locale":"en_US","og_type":"article","og_title":"Centre Catherine-de-Saint-Augustin - P\u00e8lerinage Vieux-Qu\u00e9bec","og_description":"The Centre Catherine-de-Saint-Augustin is a place of spirituality dedicated to making known and spreading the spiritual heritage of the Augustinian nun, a co-founder of the Canadian Church.","og_url":"https:\/\/pelerinagequebec.ca\/en\/religious-landmarks\/centre-catherine-de-saint-augustin\/","og_site_name":"P\u00e8lerinage Vieux-Qu\u00e9bec","article_modified_time":"2023-02-28T19:51:36+00:00","og_image":[{"width":1280,"height":840,"url":"https:\/\/pelerinagequebec.ca\/wp-content\/uploads\/2022\/06\/Centre-catherine-de-saint-augustin_bann_33E7781-pf.jpg","type":"image\/jpeg"}],"twitter_card":"summary_large_image","twitter_misc":{"Est. reading time":"2 minutes"},"schema":{"@context":"https:\/\/schema.org","@graph":[{"@type":"WebPage","@id":"https:\/\/pelerinagequebec.ca\/en\/religious-landmarks\/centre-catherine-de-saint-augustin\/","url":"https:\/\/pelerinagequebec.ca\/en\/religious-landmarks\/centre-catherine-de-saint-augustin\/","name":"Centre Catherine-de-Saint-Augustin - P\u00e8lerinage Vieux-Qu\u00e9bec","isPartOf":{"@id":"https:\/\/pelerinagequebec.ca\/#website"},"primaryImageOfPage":{"@id":"https:\/\/pelerinagequebec.ca\/en\/religious-landmarks\/centre-catherine-de-saint-augustin\/#primaryimage"},"image":{"@id":"https:\/\/pelerinagequebec.ca\/en\/religious-landmarks\/centre-catherine-de-saint-augustin\/#primaryimage"},"thumbnailUrl":"https:\/\/pelerinagequebec.ca\/wp-content\/uploads\/2022\/06\/Centre-catherine-de-saint-augustin_bann_33E7781-pf.jpg","datePublished":"2022-06-22T16:21:30+00:00","dateModified":"2023-02-28T19:51:36+00:00","description":"The Centre Catherine-de-Saint-Augustin is a place of spirituality dedicated to making known and spreading the spiritual heritage of the Augustinian nun, a co-founder of the Canadian Church.","breadcrumb":{"@id":"https:\/\/pelerinagequebec.ca\/en\/religious-landmarks\/centre-catherine-de-saint-augustin\/#breadcrumb"},"inLanguage":"en-US","potentialAction":[{"@type":"ReadAction","target":["https:\/\/pelerinagequebec.ca\/en\/religious-landmarks\/centre-catherine-de-saint-augustin\/"]}]},{"@type":"ImageObject","inLanguage":"en-US","@id":"https:\/\/pelerinagequebec.ca\/en\/religious-landmarks\/centre-catherine-de-saint-augustin\/#primaryimage","url":"https:\/\/pelerinagequebec.ca\/wp-content\/uploads\/2022\/06\/Centre-catherine-de-saint-augustin_bann_33E7781-pf.jpg","contentUrl":"https:\/\/pelerinagequebec.ca\/wp-content\/uploads\/2022\/06\/Centre-catherine-de-saint-augustin_bann_33E7781-pf.jpg","width":1280,"height":840},{"@type":"BreadcrumbList","@id":"https:\/\/pelerinagequebec.ca\/en\/religious-landmarks\/centre-catherine-de-saint-augustin\/#breadcrumb","itemListElement":[{"@type":"ListItem","position":1,"name":"Accueil","item":"https:\/\/pelerinagequebec.ca\/en\/"},{"@type":"ListItem","position":2,"name":"Religious landmarks","item":"https:\/\/pelerinagequebec.ca\/en\/religious-landmarks\/"},{"@type":"ListItem","position":3,"name":"Centre Catherine-de-Saint-Augustin"}]},{"@type":"WebSite","@id":"https:\/\/pelerinagequebec.ca\/#website","url":"https:\/\/pelerinagequebec.ca\/","name":"P\u00e8lerinage Vieux-Qu\u00e9bec","description":"Un p\u00e8lerinage aux tombeaux des fondateurs de l\u2019\u00e9glise canadienne","publisher":{"@id":"https:\/\/pelerinagequebec.ca\/#organization"},"potentialAction":[{"@type":"SearchAction","target":{"@type":"EntryPoint","urlTemplate":"https:\/\/pelerinagequebec.ca\/?s={search_term_string}"},"query-input":{"@type":"PropertyValueSpecification","valueRequired":true,"valueName":"search_term_string"}}],"inLanguage":"en-US"},{"@type":"Organization","@id":"https:\/\/pelerinagequebec.ca\/#organization","name":"P\u00e8lerinage Vieux-Qu\u00e9bec","url":"https:\/\/pelerinagequebec.ca\/","logo":{"@type":"ImageObject","inLanguage":"en-US","@id":"https:\/\/pelerinagequebec.ca\/#\/schema\/logo\/image\/","url":"http:\/\/pelerinagequebec.ca\/wp-content\/uploads\/2022\/06\/Logo-transparent-hauteur-FRC.png","contentUrl":"http:\/\/pelerinagequebec.ca\/wp-content\/uploads\/2022\/06\/Logo-transparent-hauteur-FRC.png","width":609,"height":504,"caption":"P\u00e8lerinage Vieux-Qu\u00e9bec"},"image":{"@id":"https:\/\/pelerinagequebec.ca\/#\/schema\/logo\/image\/"}}]}},"_links":{"self":[{"href":"https:\/\/pelerinagequebec.ca\/en\/wp-json\/wp\/v2\/pages\/3639","targetHints":{"allow":["GET"]}}],"collection":[{"href":"https:\/\/pelerinagequebec.ca\/en\/wp-json\/wp\/v2\/pages"}],"about":[{"href":"https:\/\/pelerinagequebec.ca\/en\/wp-json\/wp\/v2\/types\/page"}],"author":[{"embeddable":true,"href":"https:\/\/pelerinagequebec.ca\/en\/wp-json\/wp\/v2\/users\/6"}],"replies":[{"embeddable":true,"href":"https:\/\/pelerinagequebec.ca\/en\/wp-json\/wp\/v2\/comments?post=3639"}],"version-history":[{"count":17,"href":"https:\/\/pelerinagequebec.ca\/en\/wp-json\/wp\/v2\/pages\/3639\/revisions"}],"predecessor-version":[{"id":4272,"href":"https:\/\/pelerinagequebec.ca\/en\/wp-json\/wp\/v2\/pages\/3639\/revisions\/4272"}],"up":[{"embeddable":true,"href":"https:\/\/pelerinagequebec.ca\/en\/wp-json\/wp\/v2\/pages\/3629"}],"wp:featuredmedia":[{"embeddable":true,"href":"https:\/\/pelerinagequebec.ca\/en\/wp-json\/wp\/v2\/media\/3593"}],"wp:attachment":[{"href":"https:\/\/pelerinagequebec.ca\/en\/wp-json\/wp\/v2\/media?parent=3639"}],"curies":[{"name":"wp","href":"https:\/\/api.w.org\/{rel}","templated":true}]}}