{"id":3638,"date":"2022-06-28T11:49:27","date_gmt":"2022-06-28T15:49:27","guid":{"rendered":"https:\/\/pelerinagequebec.ca\/les-sites-religieux\/chapelle-des-jesuites\/"},"modified":"2023-02-28T14:42:29","modified_gmt":"2023-02-28T19:42:29","slug":"chapel-of-the-jesuits","status":"publish","type":"page","link":"https:\/\/pelerinagequebec.ca\/en\/religious-landmarks\/chapel-of-the-jesuits\/","title":{"rendered":"Chapel of the Jesuits"},"content":{"rendered":"<h2><strong>A treasure to discover\u00a0<\/strong><\/h2>\n<p>The history of the <strong>Jesuits\u2019 chapel<\/strong> began in 1817 when a parcel of land was bought to build a chapel destined to the masculine Congregation de Notre-Dame. Founded by the Jesuits during the French Regime, the Confraternity welcomes young laymen wishing to spread the Marian devotion. In 1818, architect <a href=\"http:\/\/www.biographi.ca\/en\/bio\/baillairge_francois_6F.html\" target=\"_blank\" rel=\"noopener\">Fran\u00e7ois Baillairg\u00e9<\/a> traced the plans of the chapel and construction began.<\/p>\n<p>The <a href=\"https:\/\/jesuits.ca\/\" target=\"_blank\" rel=\"noopener\">Jesuits<\/a> arrived in Quebec in 1625 and founded the first college in 1635. They are expelled from their college in 1760, at the beginning of the British Regime, when they were forbidden from recruiting. The Order of the Jesuits became extinct in 1800 with the death of the last member, Father Jean-Joseph Casot. Pope Pius VII recreated the Order in 1814 to the whole of the Catholic Church. The Jesuits returned to Montreal in 1842 and from there, returned to all of Canada.<\/p>\n<h3><img loading=\"lazy\" decoding=\"async\" class=\"alignnone wp-image-2705 size-full\" src=\"https:\/\/pelerinagequebec.ca\/wp-content\/uploads\/2022\/06\/Chapelle-des-Jesuites-de-Quebec_33F6597-pf.jpg\" alt=\"\" width=\"1200\" height=\"694\" \/><\/h3>\n","protected":false},"excerpt":{"rendered":"<p>A treasure to discover\u00a0 The history of the Jesuits\u2019 chapel began in 1817 when a parcel of land was bought&#8230;<\/p>\n","protected":false},"author":6,"featured_media":3582,"parent":3629,"menu_order":8,"comment_status":"closed","ping_status":"closed","template":"","meta":{"_acf_changed":false,"footnotes":""},"class_list":["post-3638","page","type-page","status-publish","has-post-thumbnail","hentry"],"acf":[],"yoast_head":"<!-- This site is optimized with the Yoast SEO plugin v27.3 - https:\/\/yoast.com\/product\/yoast-seo-wordpress\/ -->\n<title>Chapel of the Jesuits - P\u00e8lerinage Vieux-Qu\u00e9bec<\/title>\n<meta name=\"description\" content=\"Chapel of the Jesuits | The Jesuits\u2019 chapel was built by Fran\u00e7ois Baillairg\u00e9, starting in 1818. As a witness of the Jesuits\u2019 work, it contains an important religious heritage.\" \/>\n<meta name=\"robots\" content=\"index, follow, max-snippet:-1, max-image-preview:large, max-video-preview:-1\" \/>\n<link rel=\"canonical\" href=\"https:\/\/pelerinagequebec.ca\/en\/religious-landmarks\/chapel-of-the-jesuits\/\" \/>\n<meta property=\"og:locale\" content=\"en_US\" \/>\n<meta property=\"og:type\" content=\"article\" \/>\n<meta property=\"og:title\" content=\"Chapel of the Jesuits - P\u00e8lerinage Vieux-Qu\u00e9bec\" \/>\n<meta property=\"og:description\" content=\"Chapel of the Jesuits | The Jesuits\u2019 chapel was built by Fran\u00e7ois Baillairg\u00e9, starting in 1818. As a witness of the Jesuits\u2019 work, it contains an important religious heritage.\" \/>\n<meta property=\"og:url\" content=\"https:\/\/pelerinagequebec.ca\/en\/religious-landmarks\/chapel-of-the-jesuits\/\" \/>\n<meta property=\"og:site_name\" content=\"P\u00e8lerinage Vieux-Qu\u00e9bec\" \/>\n<meta property=\"article:modified_time\" content=\"2023-02-28T19:42:29+00:00\" \/>\n<meta property=\"og:image\" content=\"https:\/\/pelerinagequebec.ca\/wp-content\/uploads\/2022\/06\/Chapelle-des-Jesuites-de-Quebec_2DA807pf.jpg\" \/>\n\t<meta property=\"og:image:width\" content=\"1280\" \/>\n\t<meta property=\"og:image:height\" content=\"840\" \/>\n\t<meta property=\"og:image:type\" content=\"image\/jpeg\" \/>\n<meta name=\"twitter:card\" content=\"summary_large_image\" \/>\n<meta name=\"twitter:label1\" content=\"Est. reading time\" \/>\n\t<meta name=\"twitter:data1\" content=\"1 minute\" \/>\n<script type=\"application\/ld+json\" class=\"yoast-schema-graph\">{\"@context\":\"https:\\\/\\\/schema.org\",\"@graph\":[{\"@type\":\"WebPage\",\"@id\":\"https:\\\/\\\/pelerinagequebec.ca\\\/en\\\/religious-landmarks\\\/chapel-of-the-jesuits\\\/\",\"url\":\"https:\\\/\\\/pelerinagequebec.ca\\\/en\\\/religious-landmarks\\\/chapel-of-the-jesuits\\\/\",\"name\":\"Chapel of the Jesuits - P\u00e8lerinage Vieux-Qu\u00e9bec\",\"isPartOf\":{\"@id\":\"https:\\\/\\\/pelerinagequebec.ca\\\/#website\"},\"primaryImageOfPage\":{\"@id\":\"https:\\\/\\\/pelerinagequebec.ca\\\/en\\\/religious-landmarks\\\/chapel-of-the-jesuits\\\/#primaryimage\"},\"image\":{\"@id\":\"https:\\\/\\\/pelerinagequebec.ca\\\/en\\\/religious-landmarks\\\/chapel-of-the-jesuits\\\/#primaryimage\"},\"thumbnailUrl\":\"https:\\\/\\\/pelerinagequebec.ca\\\/wp-content\\\/uploads\\\/2022\\\/06\\\/Chapelle-des-Jesuites-de-Quebec_2DA807pf.jpg\",\"datePublished\":\"2022-06-28T15:49:27+00:00\",\"dateModified\":\"2023-02-28T19:42:29+00:00\",\"description\":\"Chapel of the Jesuits | The Jesuits\u2019 chapel was built by Fran\u00e7ois Baillairg\u00e9, starting in 1818. As a witness of the Jesuits\u2019 work, it contains an important religious heritage.\",\"breadcrumb\":{\"@id\":\"https:\\\/\\\/pelerinagequebec.ca\\\/en\\\/religious-landmarks\\\/chapel-of-the-jesuits\\\/#breadcrumb\"},\"inLanguage\":\"en-US\",\"potentialAction\":[{\"@type\":\"ReadAction\",\"target\":[\"https:\\\/\\\/pelerinagequebec.ca\\\/en\\\/religious-landmarks\\\/chapel-of-the-jesuits\\\/\"]}]},{\"@type\":\"ImageObject\",\"inLanguage\":\"en-US\",\"@id\":\"https:\\\/\\\/pelerinagequebec.ca\\\/en\\\/religious-landmarks\\\/chapel-of-the-jesuits\\\/#primaryimage\",\"url\":\"https:\\\/\\\/pelerinagequebec.ca\\\/wp-content\\\/uploads\\\/2022\\\/06\\\/Chapelle-des-Jesuites-de-Quebec_2DA807pf.jpg\",\"contentUrl\":\"https:\\\/\\\/pelerinagequebec.ca\\\/wp-content\\\/uploads\\\/2022\\\/06\\\/Chapelle-des-Jesuites-de-Quebec_2DA807pf.jpg\",\"width\":1280,\"height\":840},{\"@type\":\"BreadcrumbList\",\"@id\":\"https:\\\/\\\/pelerinagequebec.ca\\\/en\\\/religious-landmarks\\\/chapel-of-the-jesuits\\\/#breadcrumb\",\"itemListElement\":[{\"@type\":\"ListItem\",\"position\":1,\"name\":\"Accueil\",\"item\":\"https:\\\/\\\/pelerinagequebec.ca\\\/en\\\/\"},{\"@type\":\"ListItem\",\"position\":2,\"name\":\"Religious landmarks\",\"item\":\"https:\\\/\\\/pelerinagequebec.ca\\\/en\\\/religious-landmarks\\\/\"},{\"@type\":\"ListItem\",\"position\":3,\"name\":\"Chapel of the Jesuits\"}]},{\"@type\":\"WebSite\",\"@id\":\"https:\\\/\\\/pelerinagequebec.ca\\\/#website\",\"url\":\"https:\\\/\\\/pelerinagequebec.ca\\\/\",\"name\":\"P\u00e8lerinage Vieux-Qu\u00e9bec\",\"description\":\"Un p\u00e8lerinage aux tombeaux des fondateurs de l\u2019\u00e9glise canadienne\",\"publisher\":{\"@id\":\"https:\\\/\\\/pelerinagequebec.ca\\\/#organization\"},\"potentialAction\":[{\"@type\":\"SearchAction\",\"target\":{\"@type\":\"EntryPoint\",\"urlTemplate\":\"https:\\\/\\\/pelerinagequebec.ca\\\/?s={search_term_string}\"},\"query-input\":{\"@type\":\"PropertyValueSpecification\",\"valueRequired\":true,\"valueName\":\"search_term_string\"}}],\"inLanguage\":\"en-US\"},{\"@type\":\"Organization\",\"@id\":\"https:\\\/\\\/pelerinagequebec.ca\\\/#organization\",\"name\":\"P\u00e8lerinage Vieux-Qu\u00e9bec\",\"url\":\"https:\\\/\\\/pelerinagequebec.ca\\\/\",\"logo\":{\"@type\":\"ImageObject\",\"inLanguage\":\"en-US\",\"@id\":\"https:\\\/\\\/pelerinagequebec.ca\\\/#\\\/schema\\\/logo\\\/image\\\/\",\"url\":\"http:\\\/\\\/pelerinagequebec.ca\\\/wp-content\\\/uploads\\\/2022\\\/06\\\/Logo-transparent-hauteur-FRC.png\",\"contentUrl\":\"http:\\\/\\\/pelerinagequebec.ca\\\/wp-content\\\/uploads\\\/2022\\\/06\\\/Logo-transparent-hauteur-FRC.png\",\"width\":609,\"height\":504,\"caption\":\"P\u00e8lerinage Vieux-Qu\u00e9bec\"},\"image\":{\"@id\":\"https:\\\/\\\/pelerinagequebec.ca\\\/#\\\/schema\\\/logo\\\/image\\\/\"}}]}<\/script>\n<!-- \/ Yoast SEO plugin. -->","yoast_head_json":{"title":"Chapel of the Jesuits - P\u00e8lerinage Vieux-Qu\u00e9bec","description":"Chapel of the Jesuits | The Jesuits\u2019 chapel was built by Fran\u00e7ois Baillairg\u00e9, starting in 1818. As a witness of the Jesuits\u2019 work, it contains an important religious heritage.","robots":{"index":"index","follow":"follow","max-snippet":"max-snippet:-1","max-image-preview":"max-image-preview:large","max-video-preview":"max-video-preview:-1"},"canonical":"https:\/\/pelerinagequebec.ca\/en\/religious-landmarks\/chapel-of-the-jesuits\/","og_locale":"en_US","og_type":"article","og_title":"Chapel of the Jesuits - P\u00e8lerinage Vieux-Qu\u00e9bec","og_description":"Chapel of the Jesuits | The Jesuits\u2019 chapel was built by Fran\u00e7ois Baillairg\u00e9, starting in 1818. As a witness of the Jesuits\u2019 work, it contains an important religious heritage.","og_url":"https:\/\/pelerinagequebec.ca\/en\/religious-landmarks\/chapel-of-the-jesuits\/","og_site_name":"P\u00e8lerinage Vieux-Qu\u00e9bec","article_modified_time":"2023-02-28T19:42:29+00:00","og_image":[{"width":1280,"height":840,"url":"https:\/\/pelerinagequebec.ca\/wp-content\/uploads\/2022\/06\/Chapelle-des-Jesuites-de-Quebec_2DA807pf.jpg","type":"image\/jpeg"}],"twitter_card":"summary_large_image","twitter_misc":{"Est. reading time":"1 minute"},"schema":{"@context":"https:\/\/schema.org","@graph":[{"@type":"WebPage","@id":"https:\/\/pelerinagequebec.ca\/en\/religious-landmarks\/chapel-of-the-jesuits\/","url":"https:\/\/pelerinagequebec.ca\/en\/religious-landmarks\/chapel-of-the-jesuits\/","name":"Chapel of the Jesuits - P\u00e8lerinage Vieux-Qu\u00e9bec","isPartOf":{"@id":"https:\/\/pelerinagequebec.ca\/#website"},"primaryImageOfPage":{"@id":"https:\/\/pelerinagequebec.ca\/en\/religious-landmarks\/chapel-of-the-jesuits\/#primaryimage"},"image":{"@id":"https:\/\/pelerinagequebec.ca\/en\/religious-landmarks\/chapel-of-the-jesuits\/#primaryimage"},"thumbnailUrl":"https:\/\/pelerinagequebec.ca\/wp-content\/uploads\/2022\/06\/Chapelle-des-Jesuites-de-Quebec_2DA807pf.jpg","datePublished":"2022-06-28T15:49:27+00:00","dateModified":"2023-02-28T19:42:29+00:00","description":"Chapel of the Jesuits | The Jesuits\u2019 chapel was built by Fran\u00e7ois Baillairg\u00e9, starting in 1818. As a witness of the Jesuits\u2019 work, it contains an important religious heritage.","breadcrumb":{"@id":"https:\/\/pelerinagequebec.ca\/en\/religious-landmarks\/chapel-of-the-jesuits\/#breadcrumb"},"inLanguage":"en-US","potentialAction":[{"@type":"ReadAction","target":["https:\/\/pelerinagequebec.ca\/en\/religious-landmarks\/chapel-of-the-jesuits\/"]}]},{"@type":"ImageObject","inLanguage":"en-US","@id":"https:\/\/pelerinagequebec.ca\/en\/religious-landmarks\/chapel-of-the-jesuits\/#primaryimage","url":"https:\/\/pelerinagequebec.ca\/wp-content\/uploads\/2022\/06\/Chapelle-des-Jesuites-de-Quebec_2DA807pf.jpg","contentUrl":"https:\/\/pelerinagequebec.ca\/wp-content\/uploads\/2022\/06\/Chapelle-des-Jesuites-de-Quebec_2DA807pf.jpg","width":1280,"height":840},{"@type":"BreadcrumbList","@id":"https:\/\/pelerinagequebec.ca\/en\/religious-landmarks\/chapel-of-the-jesuits\/#breadcrumb","itemListElement":[{"@type":"ListItem","position":1,"name":"Accueil","item":"https:\/\/pelerinagequebec.ca\/en\/"},{"@type":"ListItem","position":2,"name":"Religious landmarks","item":"https:\/\/pelerinagequebec.ca\/en\/religious-landmarks\/"},{"@type":"ListItem","position":3,"name":"Chapel of the Jesuits"}]},{"@type":"WebSite","@id":"https:\/\/pelerinagequebec.ca\/#website","url":"https:\/\/pelerinagequebec.ca\/","name":"P\u00e8lerinage Vieux-Qu\u00e9bec","description":"Un p\u00e8lerinage aux tombeaux des fondateurs de l\u2019\u00e9glise canadienne","publisher":{"@id":"https:\/\/pelerinagequebec.ca\/#organization"},"potentialAction":[{"@type":"SearchAction","target":{"@type":"EntryPoint","urlTemplate":"https:\/\/pelerinagequebec.ca\/?s={search_term_string}"},"query-input":{"@type":"PropertyValueSpecification","valueRequired":true,"valueName":"search_term_string"}}],"inLanguage":"en-US"},{"@type":"Organization","@id":"https:\/\/pelerinagequebec.ca\/#organization","name":"P\u00e8lerinage Vieux-Qu\u00e9bec","url":"https:\/\/pelerinagequebec.ca\/","logo":{"@type":"ImageObject","inLanguage":"en-US","@id":"https:\/\/pelerinagequebec.ca\/#\/schema\/logo\/image\/","url":"http:\/\/pelerinagequebec.ca\/wp-content\/uploads\/2022\/06\/Logo-transparent-hauteur-FRC.png","contentUrl":"http:\/\/pelerinagequebec.ca\/wp-content\/uploads\/2022\/06\/Logo-transparent-hauteur-FRC.png","width":609,"height":504,"caption":"P\u00e8lerinage Vieux-Qu\u00e9bec"},"image":{"@id":"https:\/\/pelerinagequebec.ca\/#\/schema\/logo\/image\/"}}]}},"_links":{"self":[{"href":"https:\/\/pelerinagequebec.ca\/en\/wp-json\/wp\/v2\/pages\/3638","targetHints":{"allow":["GET"]}}],"collection":[{"href":"https:\/\/pelerinagequebec.ca\/en\/wp-json\/wp\/v2\/pages"}],"about":[{"href":"https:\/\/pelerinagequebec.ca\/en\/wp-json\/wp\/v2\/types\/page"}],"author":[{"embeddable":true,"href":"https:\/\/pelerinagequebec.ca\/en\/wp-json\/wp\/v2\/users\/6"}],"replies":[{"embeddable":true,"href":"https:\/\/pelerinagequebec.ca\/en\/wp-json\/wp\/v2\/comments?post=3638"}],"version-history":[{"count":23,"href":"https:\/\/pelerinagequebec.ca\/en\/wp-json\/wp\/v2\/pages\/3638\/revisions"}],"predecessor-version":[{"id":4268,"href":"https:\/\/pelerinagequebec.ca\/en\/wp-json\/wp\/v2\/pages\/3638\/revisions\/4268"}],"up":[{"embeddable":true,"href":"https:\/\/pelerinagequebec.ca\/en\/wp-json\/wp\/v2\/pages\/3629"}],"wp:featuredmedia":[{"embeddable":true,"href":"https:\/\/pelerinagequebec.ca\/en\/wp-json\/wp\/v2\/media\/3582"}],"wp:attachment":[{"href":"https:\/\/pelerinagequebec.ca\/en\/wp-json\/wp\/v2\/media?parent=3638"}],"curies":[{"name":"wp","href":"https:\/\/api.w.org\/{rel}","templated":true}]}}