{"id":3637,"date":"2022-06-24T12:40:43","date_gmt":"2022-06-24T16:40:43","guid":{"rendered":"https:\/\/pelerinagequebec.ca\/les-sites-religieux\/centre-danimation-francois-de-laval\/"},"modified":"2023-03-17T13:47:53","modified_gmt":"2023-03-17T17:47:53","slug":"centre-danimation-francois-de-laval","status":"publish","type":"page","link":"https:\/\/pelerinagequebec.ca\/en\/religious-landmarks\/centre-danimation-francois-de-laval\/","title":{"rendered":"Centre d\u2019animation Fran\u00e7ois-De Laval"},"content":{"rendered":"<h2 style=\"text-align: left;\">Pray to and discover Fran\u00e7ois de Laval, a missionary bishop<\/h2>\n<p>Inside the <a href=\"https:\/\/pelerinagequebec.ca\/en\/religious-landmarks\/basilica-cathedral-notre-dame-de-quebec\/\"><strong>Basilica-Cathedral Notre-Dame de Qu\u00e9bec<\/strong><\/a> can be found the <strong>funeral chapel of Saint Fran\u00e7ois de Laval<\/strong>, visited yearly by 15,000 pilgrims asking for his intercession to help a sick family member, married couples wishing to have children, persons wanting to be freed from addictions.<\/p>\n<p>Located close by is the <strong>Centre d\u2019animation Fran\u00e7ois-De Laval<\/strong>, allowing visitors to better get acquainted with the life, spiritual life, challenges and works of this talented man. Called an &#8220;Apostle of America&#8221;, we discover a skilled business man, a born teacher, who cultivated an intense devotion to the Virgin Mary and the Holy Family.<\/p>\n<p>Each station presents a particular theme, shown by short textual descriptions or by an animated or sound succeeding illustrations. The visitor can go through the exhibit at his or her own rhythm, according to his or her interests. He can also discover the authentic papal bull, signed by Pope Francis, on April 2<sup>nd<\/sup>, 2014, allowing for the canonization of Fran\u00e7ois de Laval. Entrance is free and regulated by the opening hours of the Basilica-Cathedral Notre-Dame de Qu\u00e9bec<\/p>\n<p>&nbsp;<\/p>\n<h3><img loading=\"lazy\" decoding=\"async\" class=\"alignnone wp-image-2705 size-full\" src=\"https:\/\/pelerinagequebec.ca\/wp-content\/uploads\/2022\/06\/Centre-animation-Franc\u0327ois-de-Laval-33N0609-pf.jpg\" alt=\"\" width=\"1200\" height=\"694\" \/><\/h3>\n<h3><\/h3>\n<p>With a reservation, groups can benefit from a richer presentation, according to their needs and interests, whether educational, cultural or spiritual. This formula can also include a guided tour of the Basilica-Cathedral, the <strong>Holy Door<\/strong>, the <strong>funeral chapel, <\/strong>the <strong>crypt, and the first tomb of Saint Fran\u00e7ois de Laval<\/strong>.<\/p>\n<p><a href=\"https:\/\/pelerinagequebec.ca\/en\/nos-saints-fondateurs\/saint-francois-de-laval\/\"><span class=\"button\">Fran\u00e7ois de Laval<\/span><\/a><\/p>\n","protected":false},"excerpt":{"rendered":"<p>Pray to and discover Fran\u00e7ois de Laval, a missionary bishop Inside the Basilica-Cathedral Notre-Dame de Qu\u00e9bec can be found the&#8230;<\/p>\n","protected":false},"author":6,"featured_media":3622,"parent":3629,"menu_order":6,"comment_status":"closed","ping_status":"closed","template":"","meta":{"_acf_changed":false,"footnotes":""},"class_list":["post-3637","page","type-page","status-publish","has-post-thumbnail","hentry"],"acf":[],"yoast_head":"<!-- This site is optimized with the Yoast SEO plugin v27.4 - https:\/\/yoast.com\/product\/yoast-seo-wordpress\/ -->\n<title>Centre d\u2019animation Fran\u00e7ois-De Laval - P\u00e8lerinage Vieux-Qu\u00e9bec<\/title>\n<meta name=\"description\" content=\"The Centre d\u2019animation Fran\u00e7ois-De Laval is located inside the Basilica-Cathedral Notre-Dame de Qu\u00e9bec, near Fran\u00e7ois de Laval\u2019s funeral chapel. Come in to find out more about the life, spirituality, challenges and works of the Saint.\" \/>\n<meta name=\"robots\" content=\"index, follow, max-snippet:-1, max-image-preview:large, max-video-preview:-1\" \/>\n<link rel=\"canonical\" href=\"https:\/\/pelerinagequebec.ca\/en\/religious-landmarks\/centre-danimation-francois-de-laval\/\" \/>\n<meta property=\"og:locale\" content=\"en_US\" \/>\n<meta property=\"og:type\" content=\"article\" \/>\n<meta property=\"og:title\" content=\"Centre d\u2019animation Fran\u00e7ois-De Laval - P\u00e8lerinage Vieux-Qu\u00e9bec\" \/>\n<meta property=\"og:description\" content=\"The Centre d\u2019animation Fran\u00e7ois-De Laval is located inside the Basilica-Cathedral Notre-Dame de Qu\u00e9bec, near Fran\u00e7ois de Laval\u2019s funeral chapel. Come in to find out more about the life, spirituality, challenges and works of the Saint.\" \/>\n<meta property=\"og:url\" content=\"https:\/\/pelerinagequebec.ca\/en\/religious-landmarks\/centre-danimation-francois-de-laval\/\" \/>\n<meta property=\"og:site_name\" content=\"P\u00e8lerinage Vieux-Qu\u00e9bec\" \/>\n<meta property=\"article:modified_time\" content=\"2023-03-17T17:47:53+00:00\" \/>\n<meta property=\"og:image\" content=\"https:\/\/pelerinagequebec.ca\/wp-content\/uploads\/2022\/07\/Centre-animatin-FL-Bann-FDA-33N0556.jpg\" \/>\n\t<meta property=\"og:image:width\" content=\"1280\" \/>\n\t<meta property=\"og:image:height\" content=\"840\" \/>\n\t<meta property=\"og:image:type\" content=\"image\/jpeg\" \/>\n<meta name=\"twitter:card\" content=\"summary_large_image\" \/>\n<meta name=\"twitter:label1\" content=\"Est. reading time\" \/>\n\t<meta name=\"twitter:data1\" content=\"2 minutes\" \/>\n<script type=\"application\/ld+json\" class=\"yoast-schema-graph\">{\"@context\":\"https:\\\/\\\/schema.org\",\"@graph\":[{\"@type\":\"WebPage\",\"@id\":\"https:\\\/\\\/pelerinagequebec.ca\\\/en\\\/religious-landmarks\\\/centre-danimation-francois-de-laval\\\/\",\"url\":\"https:\\\/\\\/pelerinagequebec.ca\\\/en\\\/religious-landmarks\\\/centre-danimation-francois-de-laval\\\/\",\"name\":\"Centre d\u2019animation Fran\u00e7ois-De Laval - P\u00e8lerinage Vieux-Qu\u00e9bec\",\"isPartOf\":{\"@id\":\"https:\\\/\\\/pelerinagequebec.ca\\\/#website\"},\"primaryImageOfPage\":{\"@id\":\"https:\\\/\\\/pelerinagequebec.ca\\\/en\\\/religious-landmarks\\\/centre-danimation-francois-de-laval\\\/#primaryimage\"},\"image\":{\"@id\":\"https:\\\/\\\/pelerinagequebec.ca\\\/en\\\/religious-landmarks\\\/centre-danimation-francois-de-laval\\\/#primaryimage\"},\"thumbnailUrl\":\"https:\\\/\\\/pelerinagequebec.ca\\\/wp-content\\\/uploads\\\/2022\\\/07\\\/Centre-animatin-FL-Bann-FDA-33N0556.jpg\",\"datePublished\":\"2022-06-24T16:40:43+00:00\",\"dateModified\":\"2023-03-17T17:47:53+00:00\",\"description\":\"The Centre d\u2019animation Fran\u00e7ois-De Laval is located inside the Basilica-Cathedral Notre-Dame de Qu\u00e9bec, near Fran\u00e7ois de Laval\u2019s funeral chapel. Come in to find out more about the life, spirituality, challenges and works of the Saint.\",\"breadcrumb\":{\"@id\":\"https:\\\/\\\/pelerinagequebec.ca\\\/en\\\/religious-landmarks\\\/centre-danimation-francois-de-laval\\\/#breadcrumb\"},\"inLanguage\":\"en-US\",\"potentialAction\":[{\"@type\":\"ReadAction\",\"target\":[\"https:\\\/\\\/pelerinagequebec.ca\\\/en\\\/religious-landmarks\\\/centre-danimation-francois-de-laval\\\/\"]}]},{\"@type\":\"ImageObject\",\"inLanguage\":\"en-US\",\"@id\":\"https:\\\/\\\/pelerinagequebec.ca\\\/en\\\/religious-landmarks\\\/centre-danimation-francois-de-laval\\\/#primaryimage\",\"url\":\"https:\\\/\\\/pelerinagequebec.ca\\\/wp-content\\\/uploads\\\/2022\\\/07\\\/Centre-animatin-FL-Bann-FDA-33N0556.jpg\",\"contentUrl\":\"https:\\\/\\\/pelerinagequebec.ca\\\/wp-content\\\/uploads\\\/2022\\\/07\\\/Centre-animatin-FL-Bann-FDA-33N0556.jpg\",\"width\":1280,\"height\":840},{\"@type\":\"BreadcrumbList\",\"@id\":\"https:\\\/\\\/pelerinagequebec.ca\\\/en\\\/religious-landmarks\\\/centre-danimation-francois-de-laval\\\/#breadcrumb\",\"itemListElement\":[{\"@type\":\"ListItem\",\"position\":1,\"name\":\"Accueil\",\"item\":\"https:\\\/\\\/pelerinagequebec.ca\\\/en\\\/\"},{\"@type\":\"ListItem\",\"position\":2,\"name\":\"Religious landmarks\",\"item\":\"https:\\\/\\\/pelerinagequebec.ca\\\/en\\\/religious-landmarks\\\/\"},{\"@type\":\"ListItem\",\"position\":3,\"name\":\"Centre d\u2019animation Fran\u00e7ois-De Laval\"}]},{\"@type\":\"WebSite\",\"@id\":\"https:\\\/\\\/pelerinagequebec.ca\\\/#website\",\"url\":\"https:\\\/\\\/pelerinagequebec.ca\\\/\",\"name\":\"P\u00e8lerinage Vieux-Qu\u00e9bec\",\"description\":\"Un p\u00e8lerinage aux tombeaux des fondateurs de l\u2019\u00e9glise canadienne\",\"publisher\":{\"@id\":\"https:\\\/\\\/pelerinagequebec.ca\\\/#organization\"},\"potentialAction\":[{\"@type\":\"SearchAction\",\"target\":{\"@type\":\"EntryPoint\",\"urlTemplate\":\"https:\\\/\\\/pelerinagequebec.ca\\\/?s={search_term_string}\"},\"query-input\":{\"@type\":\"PropertyValueSpecification\",\"valueRequired\":true,\"valueName\":\"search_term_string\"}}],\"inLanguage\":\"en-US\"},{\"@type\":\"Organization\",\"@id\":\"https:\\\/\\\/pelerinagequebec.ca\\\/#organization\",\"name\":\"P\u00e8lerinage Vieux-Qu\u00e9bec\",\"url\":\"https:\\\/\\\/pelerinagequebec.ca\\\/\",\"logo\":{\"@type\":\"ImageObject\",\"inLanguage\":\"en-US\",\"@id\":\"https:\\\/\\\/pelerinagequebec.ca\\\/#\\\/schema\\\/logo\\\/image\\\/\",\"url\":\"http:\\\/\\\/pelerinagequebec.ca\\\/wp-content\\\/uploads\\\/2022\\\/06\\\/Logo-transparent-hauteur-FRC.png\",\"contentUrl\":\"http:\\\/\\\/pelerinagequebec.ca\\\/wp-content\\\/uploads\\\/2022\\\/06\\\/Logo-transparent-hauteur-FRC.png\",\"width\":609,\"height\":504,\"caption\":\"P\u00e8lerinage Vieux-Qu\u00e9bec\"},\"image\":{\"@id\":\"https:\\\/\\\/pelerinagequebec.ca\\\/#\\\/schema\\\/logo\\\/image\\\/\"}}]}<\/script>\n<!-- \/ Yoast SEO plugin. -->","yoast_head_json":{"title":"Centre d\u2019animation Fran\u00e7ois-De Laval - P\u00e8lerinage Vieux-Qu\u00e9bec","description":"The Centre d\u2019animation Fran\u00e7ois-De Laval is located inside the Basilica-Cathedral Notre-Dame de Qu\u00e9bec, near Fran\u00e7ois de Laval\u2019s funeral chapel. Come in to find out more about the life, spirituality, challenges and works of the Saint.","robots":{"index":"index","follow":"follow","max-snippet":"max-snippet:-1","max-image-preview":"max-image-preview:large","max-video-preview":"max-video-preview:-1"},"canonical":"https:\/\/pelerinagequebec.ca\/en\/religious-landmarks\/centre-danimation-francois-de-laval\/","og_locale":"en_US","og_type":"article","og_title":"Centre d\u2019animation Fran\u00e7ois-De Laval - P\u00e8lerinage Vieux-Qu\u00e9bec","og_description":"The Centre d\u2019animation Fran\u00e7ois-De Laval is located inside the Basilica-Cathedral Notre-Dame de Qu\u00e9bec, near Fran\u00e7ois de Laval\u2019s funeral chapel. Come in to find out more about the life, spirituality, challenges and works of the Saint.","og_url":"https:\/\/pelerinagequebec.ca\/en\/religious-landmarks\/centre-danimation-francois-de-laval\/","og_site_name":"P\u00e8lerinage Vieux-Qu\u00e9bec","article_modified_time":"2023-03-17T17:47:53+00:00","og_image":[{"width":1280,"height":840,"url":"https:\/\/pelerinagequebec.ca\/wp-content\/uploads\/2022\/07\/Centre-animatin-FL-Bann-FDA-33N0556.jpg","type":"image\/jpeg"}],"twitter_card":"summary_large_image","twitter_misc":{"Est. reading time":"2 minutes"},"schema":{"@context":"https:\/\/schema.org","@graph":[{"@type":"WebPage","@id":"https:\/\/pelerinagequebec.ca\/en\/religious-landmarks\/centre-danimation-francois-de-laval\/","url":"https:\/\/pelerinagequebec.ca\/en\/religious-landmarks\/centre-danimation-francois-de-laval\/","name":"Centre d\u2019animation Fran\u00e7ois-De Laval - P\u00e8lerinage Vieux-Qu\u00e9bec","isPartOf":{"@id":"https:\/\/pelerinagequebec.ca\/#website"},"primaryImageOfPage":{"@id":"https:\/\/pelerinagequebec.ca\/en\/religious-landmarks\/centre-danimation-francois-de-laval\/#primaryimage"},"image":{"@id":"https:\/\/pelerinagequebec.ca\/en\/religious-landmarks\/centre-danimation-francois-de-laval\/#primaryimage"},"thumbnailUrl":"https:\/\/pelerinagequebec.ca\/wp-content\/uploads\/2022\/07\/Centre-animatin-FL-Bann-FDA-33N0556.jpg","datePublished":"2022-06-24T16:40:43+00:00","dateModified":"2023-03-17T17:47:53+00:00","description":"The Centre d\u2019animation Fran\u00e7ois-De Laval is located inside the Basilica-Cathedral Notre-Dame de Qu\u00e9bec, near Fran\u00e7ois de Laval\u2019s funeral chapel. Come in to find out more about the life, spirituality, challenges and works of the Saint.","breadcrumb":{"@id":"https:\/\/pelerinagequebec.ca\/en\/religious-landmarks\/centre-danimation-francois-de-laval\/#breadcrumb"},"inLanguage":"en-US","potentialAction":[{"@type":"ReadAction","target":["https:\/\/pelerinagequebec.ca\/en\/religious-landmarks\/centre-danimation-francois-de-laval\/"]}]},{"@type":"ImageObject","inLanguage":"en-US","@id":"https:\/\/pelerinagequebec.ca\/en\/religious-landmarks\/centre-danimation-francois-de-laval\/#primaryimage","url":"https:\/\/pelerinagequebec.ca\/wp-content\/uploads\/2022\/07\/Centre-animatin-FL-Bann-FDA-33N0556.jpg","contentUrl":"https:\/\/pelerinagequebec.ca\/wp-content\/uploads\/2022\/07\/Centre-animatin-FL-Bann-FDA-33N0556.jpg","width":1280,"height":840},{"@type":"BreadcrumbList","@id":"https:\/\/pelerinagequebec.ca\/en\/religious-landmarks\/centre-danimation-francois-de-laval\/#breadcrumb","itemListElement":[{"@type":"ListItem","position":1,"name":"Accueil","item":"https:\/\/pelerinagequebec.ca\/en\/"},{"@type":"ListItem","position":2,"name":"Religious landmarks","item":"https:\/\/pelerinagequebec.ca\/en\/religious-landmarks\/"},{"@type":"ListItem","position":3,"name":"Centre d\u2019animation Fran\u00e7ois-De Laval"}]},{"@type":"WebSite","@id":"https:\/\/pelerinagequebec.ca\/#website","url":"https:\/\/pelerinagequebec.ca\/","name":"P\u00e8lerinage Vieux-Qu\u00e9bec","description":"Un p\u00e8lerinage aux tombeaux des fondateurs de l\u2019\u00e9glise canadienne","publisher":{"@id":"https:\/\/pelerinagequebec.ca\/#organization"},"potentialAction":[{"@type":"SearchAction","target":{"@type":"EntryPoint","urlTemplate":"https:\/\/pelerinagequebec.ca\/?s={search_term_string}"},"query-input":{"@type":"PropertyValueSpecification","valueRequired":true,"valueName":"search_term_string"}}],"inLanguage":"en-US"},{"@type":"Organization","@id":"https:\/\/pelerinagequebec.ca\/#organization","name":"P\u00e8lerinage Vieux-Qu\u00e9bec","url":"https:\/\/pelerinagequebec.ca\/","logo":{"@type":"ImageObject","inLanguage":"en-US","@id":"https:\/\/pelerinagequebec.ca\/#\/schema\/logo\/image\/","url":"http:\/\/pelerinagequebec.ca\/wp-content\/uploads\/2022\/06\/Logo-transparent-hauteur-FRC.png","contentUrl":"http:\/\/pelerinagequebec.ca\/wp-content\/uploads\/2022\/06\/Logo-transparent-hauteur-FRC.png","width":609,"height":504,"caption":"P\u00e8lerinage Vieux-Qu\u00e9bec"},"image":{"@id":"https:\/\/pelerinagequebec.ca\/#\/schema\/logo\/image\/"}}]}},"_links":{"self":[{"href":"https:\/\/pelerinagequebec.ca\/en\/wp-json\/wp\/v2\/pages\/3637","targetHints":{"allow":["GET"]}}],"collection":[{"href":"https:\/\/pelerinagequebec.ca\/en\/wp-json\/wp\/v2\/pages"}],"about":[{"href":"https:\/\/pelerinagequebec.ca\/en\/wp-json\/wp\/v2\/types\/page"}],"author":[{"embeddable":true,"href":"https:\/\/pelerinagequebec.ca\/en\/wp-json\/wp\/v2\/users\/6"}],"replies":[{"embeddable":true,"href":"https:\/\/pelerinagequebec.ca\/en\/wp-json\/wp\/v2\/comments?post=3637"}],"version-history":[{"count":17,"href":"https:\/\/pelerinagequebec.ca\/en\/wp-json\/wp\/v2\/pages\/3637\/revisions"}],"predecessor-version":[{"id":4315,"href":"https:\/\/pelerinagequebec.ca\/en\/wp-json\/wp\/v2\/pages\/3637\/revisions\/4315"}],"up":[{"embeddable":true,"href":"https:\/\/pelerinagequebec.ca\/en\/wp-json\/wp\/v2\/pages\/3629"}],"wp:featuredmedia":[{"embeddable":true,"href":"https:\/\/pelerinagequebec.ca\/en\/wp-json\/wp\/v2\/media\/3622"}],"wp:attachment":[{"href":"https:\/\/pelerinagequebec.ca\/en\/wp-json\/wp\/v2\/media?parent=3637"}],"curies":[{"name":"wp","href":"https:\/\/api.w.org\/{rel}","templated":true}]}}