{"id":3632,"date":"2022-06-29T12:31:49","date_gmt":"2022-06-29T16:31:49","guid":{"rendered":"https:\/\/pelerinagequebec.ca\/qui-sommes-nous\/"},"modified":"2025-03-12T10:53:03","modified_gmt":"2025-03-12T14:53:03","slug":"who-are-we","status":"publish","type":"page","link":"https:\/\/pelerinagequebec.ca\/en\/who-are-we\/","title":{"rendered":"Who we are"},"content":{"rendered":"","protected":false},"excerpt":{"rendered":"","protected":false},"author":6,"featured_media":3623,"parent":0,"menu_order":38,"comment_status":"closed","ping_status":"closed","template":"","meta":{"_acf_changed":false,"footnotes":""},"class_list":["post-3632","page","type-page","status-publish","has-post-thumbnail","hentry"],"acf":[],"yoast_head":"<!-- This site is optimized with the Yoast SEO plugin v27.4 - https:\/\/yoast.com\/product\/yoast-seo-wordpress\/ -->\n<title>Who we are - P\u00e8lerinage Vieux-Qu\u00e9bec - We help pilgrims<\/title>\n<meta name=\"description\" content=\"We help pilgrims | Our communities have joined forces to allow pilgrims to have the best pilgrimage experience.\" \/>\n<meta name=\"robots\" content=\"index, follow, max-snippet:-1, max-image-preview:large, max-video-preview:-1\" \/>\n<link rel=\"canonical\" href=\"https:\/\/pelerinagequebec.ca\/en\/who-are-we\/\" \/>\n<meta property=\"og:locale\" content=\"en_US\" \/>\n<meta property=\"og:type\" content=\"article\" \/>\n<meta property=\"og:title\" content=\"Who we are - P\u00e8lerinage Vieux-Qu\u00e9bec - We help pilgrims\" \/>\n<meta property=\"og:description\" content=\"We help pilgrims | Our communities have joined forces to allow pilgrims to have the best pilgrimage experience.\" \/>\n<meta property=\"og:url\" content=\"https:\/\/pelerinagequebec.ca\/en\/who-are-we\/\" \/>\n<meta property=\"og:site_name\" content=\"P\u00e8lerinage Vieux-Qu\u00e9bec\" \/>\n<meta property=\"article:modified_time\" content=\"2025-03-12T14:53:03+00:00\" \/>\n<meta property=\"og:image\" content=\"https:\/\/pelerinagequebec.ca\/wp-content\/uploads\/2022\/07\/Monastere-chapelle-Marie-de-l-Incarnation-Bann_FDA-ABL0152.jpg\" \/>\n\t<meta property=\"og:image:width\" content=\"1280\" \/>\n\t<meta property=\"og:image:height\" content=\"840\" \/>\n\t<meta property=\"og:image:type\" content=\"image\/jpeg\" \/>\n<meta name=\"twitter:card\" content=\"summary_large_image\" \/>\n<meta name=\"twitter:label1\" content=\"Est. reading time\" \/>\n\t<meta name=\"twitter:data1\" content=\"1 minute\" \/>\n<script type=\"application\/ld+json\" class=\"yoast-schema-graph\">{\"@context\":\"https:\\\/\\\/schema.org\",\"@graph\":[{\"@type\":\"WebPage\",\"@id\":\"https:\\\/\\\/pelerinagequebec.ca\\\/en\\\/who-are-we\\\/\",\"url\":\"https:\\\/\\\/pelerinagequebec.ca\\\/en\\\/who-are-we\\\/\",\"name\":\"Who we are - P\u00e8lerinage Vieux-Qu\u00e9bec - We help pilgrims\",\"isPartOf\":{\"@id\":\"https:\\\/\\\/pelerinagequebec.ca\\\/#website\"},\"primaryImageOfPage\":{\"@id\":\"https:\\\/\\\/pelerinagequebec.ca\\\/en\\\/who-are-we\\\/#primaryimage\"},\"image\":{\"@id\":\"https:\\\/\\\/pelerinagequebec.ca\\\/en\\\/who-are-we\\\/#primaryimage\"},\"thumbnailUrl\":\"https:\\\/\\\/pelerinagequebec.ca\\\/wp-content\\\/uploads\\\/2022\\\/07\\\/Monastere-chapelle-Marie-de-l-Incarnation-Bann_FDA-ABL0152.jpg\",\"datePublished\":\"2022-06-29T16:31:49+00:00\",\"dateModified\":\"2025-03-12T14:53:03+00:00\",\"description\":\"We help pilgrims | Our communities have joined forces to allow pilgrims to have the best pilgrimage experience.\",\"breadcrumb\":{\"@id\":\"https:\\\/\\\/pelerinagequebec.ca\\\/en\\\/who-are-we\\\/#breadcrumb\"},\"inLanguage\":\"en-US\",\"potentialAction\":[{\"@type\":\"ReadAction\",\"target\":[\"https:\\\/\\\/pelerinagequebec.ca\\\/en\\\/who-are-we\\\/\"]}]},{\"@type\":\"ImageObject\",\"inLanguage\":\"en-US\",\"@id\":\"https:\\\/\\\/pelerinagequebec.ca\\\/en\\\/who-are-we\\\/#primaryimage\",\"url\":\"https:\\\/\\\/pelerinagequebec.ca\\\/wp-content\\\/uploads\\\/2022\\\/07\\\/Monastere-chapelle-Marie-de-l-Incarnation-Bann_FDA-ABL0152.jpg\",\"contentUrl\":\"https:\\\/\\\/pelerinagequebec.ca\\\/wp-content\\\/uploads\\\/2022\\\/07\\\/Monastere-chapelle-Marie-de-l-Incarnation-Bann_FDA-ABL0152.jpg\",\"width\":1280,\"height\":840},{\"@type\":\"BreadcrumbList\",\"@id\":\"https:\\\/\\\/pelerinagequebec.ca\\\/en\\\/who-are-we\\\/#breadcrumb\",\"itemListElement\":[{\"@type\":\"ListItem\",\"position\":1,\"name\":\"Accueil\",\"item\":\"https:\\\/\\\/pelerinagequebec.ca\\\/en\\\/\"},{\"@type\":\"ListItem\",\"position\":2,\"name\":\"Who we are\"}]},{\"@type\":\"WebSite\",\"@id\":\"https:\\\/\\\/pelerinagequebec.ca\\\/#website\",\"url\":\"https:\\\/\\\/pelerinagequebec.ca\\\/\",\"name\":\"P\u00e8lerinage Vieux-Qu\u00e9bec\",\"description\":\"Un p\u00e8lerinage aux tombeaux des fondateurs de l\u2019\u00e9glise canadienne\",\"publisher\":{\"@id\":\"https:\\\/\\\/pelerinagequebec.ca\\\/#organization\"},\"potentialAction\":[{\"@type\":\"SearchAction\",\"target\":{\"@type\":\"EntryPoint\",\"urlTemplate\":\"https:\\\/\\\/pelerinagequebec.ca\\\/?s={search_term_string}\"},\"query-input\":{\"@type\":\"PropertyValueSpecification\",\"valueRequired\":true,\"valueName\":\"search_term_string\"}}],\"inLanguage\":\"en-US\"},{\"@type\":\"Organization\",\"@id\":\"https:\\\/\\\/pelerinagequebec.ca\\\/#organization\",\"name\":\"P\u00e8lerinage Vieux-Qu\u00e9bec\",\"url\":\"https:\\\/\\\/pelerinagequebec.ca\\\/\",\"logo\":{\"@type\":\"ImageObject\",\"inLanguage\":\"en-US\",\"@id\":\"https:\\\/\\\/pelerinagequebec.ca\\\/#\\\/schema\\\/logo\\\/image\\\/\",\"url\":\"http:\\\/\\\/pelerinagequebec.ca\\\/wp-content\\\/uploads\\\/2022\\\/06\\\/Logo-transparent-hauteur-FRC.png\",\"contentUrl\":\"http:\\\/\\\/pelerinagequebec.ca\\\/wp-content\\\/uploads\\\/2022\\\/06\\\/Logo-transparent-hauteur-FRC.png\",\"width\":609,\"height\":504,\"caption\":\"P\u00e8lerinage Vieux-Qu\u00e9bec\"},\"image\":{\"@id\":\"https:\\\/\\\/pelerinagequebec.ca\\\/#\\\/schema\\\/logo\\\/image\\\/\"}}]}<\/script>\n<!-- \/ Yoast SEO plugin. -->","yoast_head_json":{"title":"Who we are - P\u00e8lerinage Vieux-Qu\u00e9bec - We help pilgrims","description":"We help pilgrims | Our communities have joined forces to allow pilgrims to have the best pilgrimage experience.","robots":{"index":"index","follow":"follow","max-snippet":"max-snippet:-1","max-image-preview":"max-image-preview:large","max-video-preview":"max-video-preview:-1"},"canonical":"https:\/\/pelerinagequebec.ca\/en\/who-are-we\/","og_locale":"en_US","og_type":"article","og_title":"Who we are - P\u00e8lerinage Vieux-Qu\u00e9bec - We help pilgrims","og_description":"We help pilgrims | Our communities have joined forces to allow pilgrims to have the best pilgrimage experience.","og_url":"https:\/\/pelerinagequebec.ca\/en\/who-are-we\/","og_site_name":"P\u00e8lerinage Vieux-Qu\u00e9bec","article_modified_time":"2025-03-12T14:53:03+00:00","og_image":[{"width":1280,"height":840,"url":"https:\/\/pelerinagequebec.ca\/wp-content\/uploads\/2022\/07\/Monastere-chapelle-Marie-de-l-Incarnation-Bann_FDA-ABL0152.jpg","type":"image\/jpeg"}],"twitter_card":"summary_large_image","twitter_misc":{"Est. reading time":"1 minute"},"schema":{"@context":"https:\/\/schema.org","@graph":[{"@type":"WebPage","@id":"https:\/\/pelerinagequebec.ca\/en\/who-are-we\/","url":"https:\/\/pelerinagequebec.ca\/en\/who-are-we\/","name":"Who we are - P\u00e8lerinage Vieux-Qu\u00e9bec - We help pilgrims","isPartOf":{"@id":"https:\/\/pelerinagequebec.ca\/#website"},"primaryImageOfPage":{"@id":"https:\/\/pelerinagequebec.ca\/en\/who-are-we\/#primaryimage"},"image":{"@id":"https:\/\/pelerinagequebec.ca\/en\/who-are-we\/#primaryimage"},"thumbnailUrl":"https:\/\/pelerinagequebec.ca\/wp-content\/uploads\/2022\/07\/Monastere-chapelle-Marie-de-l-Incarnation-Bann_FDA-ABL0152.jpg","datePublished":"2022-06-29T16:31:49+00:00","dateModified":"2025-03-12T14:53:03+00:00","description":"We help pilgrims | Our communities have joined forces to allow pilgrims to have the best pilgrimage experience.","breadcrumb":{"@id":"https:\/\/pelerinagequebec.ca\/en\/who-are-we\/#breadcrumb"},"inLanguage":"en-US","potentialAction":[{"@type":"ReadAction","target":["https:\/\/pelerinagequebec.ca\/en\/who-are-we\/"]}]},{"@type":"ImageObject","inLanguage":"en-US","@id":"https:\/\/pelerinagequebec.ca\/en\/who-are-we\/#primaryimage","url":"https:\/\/pelerinagequebec.ca\/wp-content\/uploads\/2022\/07\/Monastere-chapelle-Marie-de-l-Incarnation-Bann_FDA-ABL0152.jpg","contentUrl":"https:\/\/pelerinagequebec.ca\/wp-content\/uploads\/2022\/07\/Monastere-chapelle-Marie-de-l-Incarnation-Bann_FDA-ABL0152.jpg","width":1280,"height":840},{"@type":"BreadcrumbList","@id":"https:\/\/pelerinagequebec.ca\/en\/who-are-we\/#breadcrumb","itemListElement":[{"@type":"ListItem","position":1,"name":"Accueil","item":"https:\/\/pelerinagequebec.ca\/en\/"},{"@type":"ListItem","position":2,"name":"Who we are"}]},{"@type":"WebSite","@id":"https:\/\/pelerinagequebec.ca\/#website","url":"https:\/\/pelerinagequebec.ca\/","name":"P\u00e8lerinage Vieux-Qu\u00e9bec","description":"Un p\u00e8lerinage aux tombeaux des fondateurs de l\u2019\u00e9glise canadienne","publisher":{"@id":"https:\/\/pelerinagequebec.ca\/#organization"},"potentialAction":[{"@type":"SearchAction","target":{"@type":"EntryPoint","urlTemplate":"https:\/\/pelerinagequebec.ca\/?s={search_term_string}"},"query-input":{"@type":"PropertyValueSpecification","valueRequired":true,"valueName":"search_term_string"}}],"inLanguage":"en-US"},{"@type":"Organization","@id":"https:\/\/pelerinagequebec.ca\/#organization","name":"P\u00e8lerinage Vieux-Qu\u00e9bec","url":"https:\/\/pelerinagequebec.ca\/","logo":{"@type":"ImageObject","inLanguage":"en-US","@id":"https:\/\/pelerinagequebec.ca\/#\/schema\/logo\/image\/","url":"http:\/\/pelerinagequebec.ca\/wp-content\/uploads\/2022\/06\/Logo-transparent-hauteur-FRC.png","contentUrl":"http:\/\/pelerinagequebec.ca\/wp-content\/uploads\/2022\/06\/Logo-transparent-hauteur-FRC.png","width":609,"height":504,"caption":"P\u00e8lerinage Vieux-Qu\u00e9bec"},"image":{"@id":"https:\/\/pelerinagequebec.ca\/#\/schema\/logo\/image\/"}}]}},"_links":{"self":[{"href":"https:\/\/pelerinagequebec.ca\/en\/wp-json\/wp\/v2\/pages\/3632","targetHints":{"allow":["GET"]}}],"collection":[{"href":"https:\/\/pelerinagequebec.ca\/en\/wp-json\/wp\/v2\/pages"}],"about":[{"href":"https:\/\/pelerinagequebec.ca\/en\/wp-json\/wp\/v2\/types\/page"}],"author":[{"embeddable":true,"href":"https:\/\/pelerinagequebec.ca\/en\/wp-json\/wp\/v2\/users\/6"}],"replies":[{"embeddable":true,"href":"https:\/\/pelerinagequebec.ca\/en\/wp-json\/wp\/v2\/comments?post=3632"}],"version-history":[{"count":15,"href":"https:\/\/pelerinagequebec.ca\/en\/wp-json\/wp\/v2\/pages\/3632\/revisions"}],"predecessor-version":[{"id":4408,"href":"https:\/\/pelerinagequebec.ca\/en\/wp-json\/wp\/v2\/pages\/3632\/revisions\/4408"}],"wp:featuredmedia":[{"embeddable":true,"href":"https:\/\/pelerinagequebec.ca\/en\/wp-json\/wp\/v2\/media\/3623"}],"wp:attachment":[{"href":"https:\/\/pelerinagequebec.ca\/en\/wp-json\/wp\/v2\/media?parent=3632"}],"curies":[{"name":"wp","href":"https:\/\/api.w.org\/{rel}","templated":true}]}}